{"id":12174,"date":"2024-10-09T10:18:25","date_gmt":"2024-10-09T08:18:25","guid":{"rendered":"https:\/\/www.simexitaly.it\/informativa-cookies\/"},"modified":"2024-10-09T12:49:10","modified_gmt":"2024-10-09T10:49:10","slug":"informativa-cookies","status":"publish","type":"page","link":"https:\/\/www.simexitaly.it\/fr\/informativa-cookies\/","title":{"rendered":"Informativa Cookies"},"content":{"rendered":"\t\t<div data-elementor-type=\"wp-page\" data-elementor-id=\"12174\" class=\"elementor elementor-12174 elementor-12091\" data-elementor-post-type=\"page\">\n\t\t\t\t<div class=\"elementor-element elementor-element-c5b2233 e-con-full e-flex e-con e-parent\" data-id=\"c5b2233\" data-element_type=\"container\" data-e-type=\"container\" data-settings=\"{&quot;background_background&quot;:&quot;classic&quot;}\">\n\t\t\t\t<\/div>\n\t\t<div class=\"elementor-element elementor-element-0de8738 e-flex e-con-boxed e-con e-parent\" data-id=\"0de8738\" data-element_type=\"container\" data-e-type=\"container\" data-settings=\"{&quot;background_background&quot;:&quot;classic&quot;}\">\n\t\t\t\t\t<div class=\"e-con-inner\">\n\t\t<div class=\"elementor-element elementor-element-8a88991 e-con-full e-flex e-con e-child\" data-id=\"8a88991\" data-element_type=\"container\" data-e-type=\"container\">\n\t\t<div class=\"elementor-element elementor-element-e88b5a0 e-con-full e-flex e-con e-child\" data-id=\"e88b5a0\" data-element_type=\"container\" data-e-type=\"container\">\n\t\t<div class=\"elementor-element elementor-element-dd8b11b e-con-full e-flex e-con e-child\" data-id=\"dd8b11b\" data-element_type=\"container\" data-e-type=\"container\">\n\t\t<div class=\"elementor-element elementor-element-7c21be9 e-con-full e-flex e-con e-child\" data-id=\"7c21be9\" data-element_type=\"container\" data-e-type=\"container\">\n\t\t\t\t<div class=\"elementor-element elementor-element-22ba43b elementor-widget elementor-widget-heading\" data-id=\"22ba43b\" data-element_type=\"widget\" data-e-type=\"widget\" data-widget_type=\"heading.default\">\n\t\t\t\t<div class=\"elementor-widget-container\">\n\t\t\t\t\t<h2 class=\"elementor-heading-title elementor-size-default\">Politique de Confidentialit\u00e9<\/h2>\t\t\t\t<\/div>\n\t\t\t\t<\/div>\n\t\t\t\t<\/div>\n\t\t\t\t<\/div>\n\t\t\t\t<\/div>\n\t\t\t\t<\/div>\n\t\t\t\t\t<\/div>\n\t\t\t\t<\/div>\n\t\t<div class=\"elementor-element elementor-element-1794a95 e-flex e-con-boxed e-con e-parent\" data-id=\"1794a95\" data-element_type=\"container\" data-e-type=\"container\">\n\t\t\t\t\t<div class=\"e-con-inner\">\n\t\t\t\t<div class=\"elementor-element elementor-element-b6e19de elementor-widget elementor-widget-text-editor\" data-id=\"b6e19de\" data-element_type=\"widget\" data-e-type=\"widget\" data-widget_type=\"text-editor.default\">\n\t\t\t\t<div class=\"elementor-widget-container\">\n\t\t\t\t\t\t\t\t\t<p><strong>INFORMATION FOURNIE CONFORM\u00c9MENT AUX ART. 13-14 DU RGPD 2016\/679<\/strong><\/p>\n<p>Le Responsable du traitement <span style=\"background-color: #ffffff; text-align: var(--text-align);\">(ci-apr\u00e8s d\u00e9nomm\u00e9 \u00ab\u00a0responsable\u00a0\u00bb)<\/span><span style=\"background-color: #ffffff; text-align: var(--text-align);\">, <\/span><span style=\"text-align: var(--text-align);\">c&rsquo;est-\u00e0-dire la personne morale qui d\u00e9termine les finalit\u00e9s et les moyens du traitement des donn\u00e9es personnelles, est Simex srl, dont le si\u00e8ge social est situ\u00e9 \u00e0 Via Biagi e D&rsquo;Antona 5, 60025 Loreto AN, P.IVA 02031330422, T\u00e9l. +39 071 7500214 &#8211; E-mail : info@simexitaly.it. Conform\u00e9ment \u00e0 la l\u00e9gislation mentionn\u00e9e, il vous informe que le traitement sera fond\u00e9 sur les principes de loyaut\u00e9, de lic\u00e9it\u00e9, de transparence et de protection de votre vie priv\u00e9e ainsi que de vos droits.<\/span><\/p>\n<p>Je vous fournis donc, conform\u00e9ment au R\u00e8glement UE n\u00b0 2016\/679 (ci-apr\u00e8s, \u00ab\u00a0GDPR\u00a0\u00bb), les informations suivantes. <\/p>\n<h5>1. Objet du traitement<\/h5>\n<p>Le Responsable traite les donn\u00e9es personnelles, identifiables et non sensibles telles que<\/p>\n<p>Nom<br \/>Pr\u00e9nom<br \/>Raison sociale<br \/>Adresse<br \/>Num\u00e9ro fiscal<br \/>TVA<br \/>E-mail<br \/>Num\u00e9ro de t\u00e9l\u00e9phone<br \/>Site web<br \/>Adresse IP<br \/>(ci-apr\u00e8s, \u00ab\u00a0donn\u00e9es personnelles\u00a0\u00bb ou aussi \u00ab\u00a0donn\u00e9es\u00a0\u00bb) que vous avez communiqu\u00e9es lors de l&rsquo;enregistrement et\/ou lors de l&rsquo;envoi d&rsquo;un message ou d&rsquo;une demande d&rsquo;assistance via le site web du Responsable.<\/p>\n<h5>2. Finalit\u00e9s du traitement<\/h5>\n<p>Les donn\u00e9es sensibles que vous fournissez seront trait\u00e9es, \u00e0 titre d&rsquo;exemple mais non exhaustif, pour les finalit\u00e9s suivantes :<\/p>\n<ul>\n<li>La gestion des donn\u00e9es d&rsquo;identification des clients\/fournisseurs<\/li>\n<li>La gestion administrative<\/li>\n<li>L&rsquo;information sur les services offerts<\/li>\n<li>Les obligations l\u00e9gales<\/li>\n<li>L&rsquo;envoi de devis.<\/li>\n<li>Recevoir de l&rsquo;assistance.<\/li>\n<li>L&rsquo;\u00e9mission de factures.<\/li>\n<li>S&rsquo;acquitter des obligations pr\u00e9contractuelles, contractuelles et fiscales d\u00e9coulant des relations en cours ;<\/li>\n<li>S&rsquo;acquitter des obligations pr\u00e9vues par la loi, un r\u00e8glement, la l\u00e9gislation communautaire ou un ordre de l&rsquo;Autorit\u00e9 ;<\/li>\n<li>Exercer les droits du Responsable, par exemple le droit \u00e0 la d\u00e9fense en justice.<\/li>\n<\/ul>\n<h5>Statistiques \u2013 Google Analytics<\/h5>\n<p>Les services contenus dans la pr\u00e9sente section permettent au Responsable du traitement de surveiller et d&rsquo;analyser les donn\u00e9es de trafic et servent \u00e0 suivre le comportement de l&rsquo;Utilisateur.<\/p>\n<p>Google Analytics avec IP anonymis\u00e9 (Google Inc.).<\/p>\n<p>Google Analytics est un service d&rsquo;analyse web fourni par Google Inc. (\u00ab\u00a0Google\u00a0\u00bb). Google utilise les Donn\u00e9es Personnelles collect\u00e9es afin de suivre et d&rsquo;examiner l&rsquo;utilisation de ce site web, de compiler des rapports et de les partager avec d&rsquo;autres services d\u00e9velopp\u00e9s par Google  <\/p>\n<p>Google peut utiliser les Donn\u00e9es Personnelles pour contextualiser et personnaliser les annonces de son r\u00e9seau publicitaire.<\/p>\n<p>Cette int\u00e9gration de Google Analytics rend votre adresse IP anonyme. L&rsquo;anonymisation fonctionne en raccourcissant, dans les \u00c9tats membres de l&rsquo;Union europ\u00e9enne ou dans d&rsquo;autres pays adh\u00e9rant \u00e0 l&rsquo;accord sur l&rsquo;Espace \u00e9conomique europ\u00e9en, l&rsquo;adresse IP des Utilisateurs. Ce n&rsquo;est que dans des cas exceptionnels que l&rsquo;adresse IP sera envoy\u00e9e aux serveurs de Google et raccourcie aux \u00c9tats-Unis. <\/p>\n<p>Lieu du traitement :<br \/>Stati Uniti \u2013 <a href=\"https:\/\/policies.google.com\/privacy\" target=\"_blank\" rel=\"noopener\">Privacy Policy<\/a><\/p>\n<h5>H\u00e9bergement et infrastructure backend<\/h5>\n<p>Ce type de services a pour fonction d&rsquo;h\u00e9berger des Donn\u00e9es et des fichiers permettant \u00e0 cette Application de fonctionner, de faciliter sa distribution et de fournir une infrastructure pr\u00eate \u00e0 l&#8217;emploi pour offrir des fonctionnalit\u00e9s sp\u00e9cifiques de cette Application.<\/p>\n<p>Certains services parmi ceux \u00e9num\u00e9r\u00e9s ci-dessous, s&rsquo;ils sont pr\u00e9sents, peuvent fonctionner sur des serveurs g\u00e9ographiquement r\u00e9partis, rendant difficile la d\u00e9termination de l&#8217;emplacement effectif o\u00f9 les Donn\u00e9es Personnelles sont conserv\u00e9es.<\/p>\n<h5>Serverplan srl Soci\u00e9t\u00e9 unipersonnelle<\/h5>\n<p>Toutes les donn\u00e9es du site sont pr\u00e9sentes sur les Datacenters de Serverplan.<\/p>\n<p>Donn\u00e9es Personnelles collect\u00e9es :<br \/>Donn\u00e9es d&rsquo;utilisation ; diverses cat\u00e9gories de Donn\u00e9es selon ce qui est sp\u00e9cifi\u00e9 dans la politique de confidentialit\u00e9 du service.<\/p>\n<p>Lieu du traitement :<\/p>\n<p>Italy &#8211; <a href=\"https:\/\/www.serverplan.com\/about-us\/privacy\" target=\"_blank\" rel=\"noopener\">Privacy Policy<\/a><\/p>\n<h5>3. Finalit\u00e9s du traitement<\/h5>\n<p>Le traitement de vos donn\u00e9es personnelles est r\u00e9alis\u00e9 par le biais des op\u00e9rations indiqu\u00e9es \u00e0 l&rsquo;article 4 du Code de la vie priv\u00e9e et \u00e0 l&rsquo;article 4, point 2) du GDPR, \u00e0 savoir : collecte, enregistrement, organisation, conservation, consultation, traitement, modification, s\u00e9lection, extraction, comparaison, utilisation, interconnexion, blocage, communication, suppression et destruction des donn\u00e9es.<br \/>Vos donn\u00e9es personnelles sont soumises \u00e0 un traitement \u00e0 la fois papier et \u00e9lectronique.   <\/p>\n<h5>4. Dur\u00e9e du traitement<\/h5>\n<p>En ce qui concerne les donn\u00e9es personnelles faisant l&rsquo;objet du traitement, celles-ci seront conserv\u00e9es dans le respect du principe de proportionnalit\u00e9 et, en tout \u00e9tat de cause, jusqu&rsquo;\u00e0 ce que les finalit\u00e9s du traitement aient \u00e9t\u00e9 atteintes ou jusqu&rsquo;\u00e0 ce que \u2013 si cela intervient auparavant \u2013 le consentement sp\u00e9cifique de la personne concern\u00e9e soit r\u00e9voqu\u00e9, ce qui est applicable \u00e0 tout moment.<br \/>Le Responsable traitera les donn\u00e9es personnelles pendant le temps n\u00e9cessaire pour atteindre les finalit\u00e9s susmentionn\u00e9es et, en tout \u00e9tat de cause, pour une dur\u00e9e ne d\u00e9passant pas 10 ans apr\u00e8s la cessation de la relation pour les Finalit\u00e9s de Service.<\/p>\n<h5>5. Communication des donn\u00e9es<\/h5>\n<p>Sans qu&rsquo;un consentement expr\u00e8s ne soit n\u00e9cessaire (ex art. 24, lettres a), b), d) du Code de la vie priv\u00e9e et art. 6, lettres b) et c) du GDPR), le Responsable pourra communiquer vos donn\u00e9es aux fins de l&rsquo;article 2) \u00e0 des autorit\u00e9s judiciaires ainsi qu&rsquo;\u00e0 ceux dont la communication est obligatoire par la loi pour l&rsquo;ex\u00e9cution des finalit\u00e9s mentionn\u00e9es.     <\/p>\n<p>Ces personnes traiteront les donn\u00e9es en tant que responsables autonomes du traitement.<\/p>\n<p><strong>Vos donn\u00e9es ne seront pas divulgu\u00e9es.<\/strong><\/p>\n<h5>6. Transfert de donn\u00e9es<\/h5>\n<p>Les donn\u00e9es personnelles sont conserv\u00e9es sur des serveurs Serverplan situ\u00e9s en Italie, au sein de l&rsquo;Union europ\u00e9enne.<br \/>Il est entendu que le Responsable, si n\u00e9cessaire, aura la facult\u00e9 de d\u00e9placer les serveurs en dehors de l&rsquo;UE.<br \/>Dans ce cas, le Responsable assure d&rsquo;ores et d\u00e9j\u00e0 que le transfert des donn\u00e9es en dehors de l&rsquo;UE se fera conform\u00e9ment aux dispositions l\u00e9gales applicables, apr\u00e8s conclusion des clauses contractuelles types pr\u00e9vues par la Commission Europ\u00e9enne.<\/p>\n<h5>7. Droits de la personne concern\u00e9e<\/h5>\n<p>En sa qualit\u00e9 de personne concern\u00e9e, vous avez les droits \u00e9nonc\u00e9s \u00e0 l&rsquo;article 7 du Code de la vie priv\u00e9e et \u00e0 l&rsquo;article 15 du GDPR, \u00e0 savoir les droits de : <\/p>\n<p>obtenir la confirmation de l&rsquo;existence ou non de donn\u00e9es personnelles vous concernant, m\u00eame si elles ne sont pas encore enregistr\u00e9es, et leur communication sous une forme intelligible ;<br \/>obtenir l&rsquo;indication : a) de l&rsquo;origine des donn\u00e9es personnelles ; b) des finalit\u00e9s et modalit\u00e9s du traitement ; c) de la logique appliqu\u00e9e en cas de traitement effectu\u00e9 \u00e0 l&rsquo;aide d&rsquo;outils \u00e9lectroniques ; d) des \u00e9l\u00e9ments identifiants du responsable, des responsables et du repr\u00e9sentant d\u00e9sign\u00e9 conform\u00e9ment \u00e0 l&rsquo;article 5, paragraphe 2 du Code de la vie priv\u00e9e et \u00e0 l&rsquo;article 3, paragraphe 1 du GDPR ; e) des personnes ou des cat\u00e9gories de personnes auxquelles les donn\u00e9es personnelles peuvent \u00eatre communiqu\u00e9es ou qui peuvent en avoir connaissance en qualit\u00e9 de repr\u00e9sentant d\u00e9sign\u00e9 sur le territoire de l&rsquo;\u00c9tat, de responsables ou de pr\u00e9pos\u00e9s ;<br \/>obtenir : a) la mise \u00e0 jour, la rectification ou, lorsque cela vous int\u00e9resse, l&rsquo;int\u00e9gration des donn\u00e9es ; b) la suppression, la transformation en forme anonyme ou le blocage des donn\u00e9es trait\u00e9es en violation de la loi, y compris celles dont la conservation n&rsquo;est pas n\u00e9cessaire par rapport aux objectifs pour lesquels les donn\u00e9es ont \u00e9t\u00e9 collect\u00e9es ou ult\u00e9rieurement trait\u00e9es ; c) l&rsquo;attestation que les op\u00e9rations vis\u00e9es aux lettres a) et b) ont \u00e9t\u00e9 port\u00e9es \u00e0 la connaissance, y compris en ce qui concerne leur contenu, de ceux \u00e0 qui les donn\u00e9es ont \u00e9t\u00e9 communiqu\u00e9es ou diffus\u00e9es, sauf si cette ex\u00e9cution s&rsquo;av\u00e8re impossible ou implique l&rsquo;utilisation de moyens manifestement disproportionn\u00e9s par rapport au droit prot\u00e9g\u00e9 ;<br \/>s&rsquo;opposer, en tout ou en partie : a) pour des motifs l\u00e9gitimes au traitement des donn\u00e9es personnelles vous concernant, m\u00eame si elles sont pertinentes aux fins de la collecte ; b) au traitement de donn\u00e9es personnelles vous concernant \u00e0 des fins d&rsquo;envoi de mat\u00e9riel publicitaire ou de vente directe ou pour la r\u00e9alisation d&rsquo;enqu\u00eates de march\u00e9 ou de communication commerciale, par l&rsquo;utilisation de syst\u00e8mes automatis\u00e9s d&rsquo;appel sans l&rsquo;intervention d&rsquo;un op\u00e9rateur par e-mail et\/ou par le biais de m\u00e9thodes de marketing traditionnelles par t\u00e9l\u00e9phone et\/ou par courrier postal.<br \/>Le cas \u00e9ch\u00e9ant, vous avez \u00e9galement les droits pr\u00e9vus aux articles 16 \u00e0 21 du GDPR (Droit de rectification, droit \u00e0 l&rsquo;oubli, droit \u00e0 la limitation du traitement, droit \u00e0 la portabilit\u00e9 des donn\u00e9es, droit d&rsquo;opposition), ainsi que le droit de porter plainte aupr\u00e8s de l&rsquo;Autorit\u00e9 de protection des donn\u00e9es.             <\/p>\n<h5>8. Modalit\u00e9s d&rsquo;exercice des droits<\/h5>\n<p>Vous pourrez exercer vos droits \u00e0 tout moment en envoyant :<\/p>\n<p>une lettre recommand\u00e9e avec accus\u00e9 de r\u00e9ception \u00e0 Simex srl &#8211; Via Biagi e D&rsquo;Antona 5 &#8211; 60025 Loreto (AN) ; un e-mail \u00e0 l&rsquo;adresse <a href=\"mailto:info@simexitaly.it\">info@simexitaly.it<\/a><\/p>\n<h5>9. Responsable et charg\u00e9 du traitement des donn\u00e9es<\/h5>\n<p>Simex Srl &#8211; Via Biagi e D&rsquo;Antona 5 &#8211; 60025 Loreto (AN)<\/p>\n\t\t\t\t\t\t\t\t<\/div>\n\t\t\t\t<\/div>\n\t\t\t\t\t<\/div>\n\t\t\t\t<\/div>\n\t\t\t\t<\/div>\n\t\t","protected":false},"excerpt":{"rendered":"<p>Politique de Confidentialit\u00e9 INFORMATION FOURNIE CONFORM\u00c9MENT AUX ART. 13-14 DU RGPD 2016\/679 Le Responsable du traitement (ci-apr\u00e8s d\u00e9nomm\u00e9 \u00ab\u00a0responsable\u00a0\u00bb), c&rsquo;est-\u00e0-dire la personne morale qui d\u00e9termine les finalit\u00e9s et les moyens du traitement des donn\u00e9es personnelles, est Simex srl, dont le si\u00e8ge social est situ\u00e9 \u00e0 Via Biagi e D&rsquo;Antona 5, 60025 Loreto AN, P.IVA 02031330422, [&hellip;]<\/p>\n","protected":false},"author":1,"featured_media":12009,"parent":0,"menu_order":0,"comment_status":"closed","ping_status":"closed","template":"page-full-width.php","meta":{"footnotes":""},"class_list":["post-12174","page","type-page","status-publish","has-post-thumbnail","hentry"],"yoast_head":"<!-- This site is optimized with the Yoast SEO plugin v27.1.1 - https:\/\/yoast.com\/product\/yoast-seo-wordpress\/ -->\n<title>Informativa Cookies - Simex | PET MOULDS TECHNOLOGY<\/title>\n<meta name=\"description\" content=\"Informativa cookies - Il nostro sito web, https:\/\/www.simexitaly.it (di seguito: \u201cil sito web\u201d) utilizza i cookie e altre tecnologie correlate\" \/>\n<meta name=\"robots\" content=\"index, follow, max-snippet:-1, max-image-preview:large, max-video-preview:-1\" \/>\n<link rel=\"canonical\" href=\"https:\/\/www.simexitaly.it\/informativa-cookies\/\" \/>\n<meta property=\"og:locale\" content=\"fr_FR\" \/>\n<meta property=\"og:type\" content=\"article\" \/>\n<meta property=\"og:title\" content=\"Informativa Cookies - Simex | PET MOULDS TECHNOLOGY\" \/>\n<meta property=\"og:description\" content=\"Informativa cookies - Il nostro sito web, https:\/\/www.simexitaly.it (di seguito: \u201cil sito web\u201d) utilizza i cookie e altre tecnologie correlate\" \/>\n<meta property=\"og:url\" content=\"https:\/\/www.simexitaly.it\/informativa-cookies\/\" \/>\n<meta property=\"og:site_name\" content=\"Simex | PET MOULDS TECHNOLOGY\" \/>\n<meta property=\"article:modified_time\" content=\"2024-10-09T10:49:10+00:00\" \/>\n<meta property=\"og:image\" content=\"https:\/\/www.simexitaly.it\/wp-content\/uploads\/2024\/10\/cookies-simex.jpg\" \/>\n\t<meta property=\"og:image:width\" content=\"600\" \/>\n\t<meta property=\"og:image:height\" content=\"314\" \/>\n\t<meta property=\"og:image:type\" content=\"image\/jpeg\" \/>\n<meta name=\"twitter:card\" content=\"summary_large_image\" \/>\n<meta name=\"twitter:label1\" content=\"Dur\u00e9e de lecture estim\u00e9e\" \/>\n\t<meta name=\"twitter:data1\" content=\"8 minutes\" \/>\n<script type=\"application\/ld+json\" class=\"yoast-schema-graph\">{\"@context\":\"https:\/\/schema.org\",\"@graph\":[{\"@type\":\"WebPage\",\"@id\":\"https:\/\/www.simexitaly.it\/informativa-cookies\/\",\"url\":\"https:\/\/www.simexitaly.it\/informativa-cookies\/\",\"name\":\"Informativa Cookies - Simex | PET MOULDS TECHNOLOGY\",\"isPartOf\":{\"@id\":\"https:\/\/www.simexitaly.it\/#website\"},\"primaryImageOfPage\":{\"@id\":\"https:\/\/www.simexitaly.it\/informativa-cookies\/#primaryimage\"},\"image\":{\"@id\":\"https:\/\/www.simexitaly.it\/informativa-cookies\/#primaryimage\"},\"thumbnailUrl\":\"https:\/\/www.simexitaly.it\/wp-content\/uploads\/2024\/10\/cookies-simex.jpg\",\"datePublished\":\"2024-10-09T08:18:25+00:00\",\"dateModified\":\"2024-10-09T10:49:10+00:00\",\"description\":\"Informativa cookies - Il nostro sito web, https:\/\/www.simexitaly.it (di seguito: \u201cil sito web\u201d) utilizza i cookie e altre tecnologie correlate\",\"breadcrumb\":{\"@id\":\"https:\/\/www.simexitaly.it\/informativa-cookies\/#breadcrumb\"},\"inLanguage\":\"fr-FR\",\"potentialAction\":[{\"@type\":\"ReadAction\",\"target\":[\"https:\/\/www.simexitaly.it\/informativa-cookies\/\"]}]},{\"@type\":\"ImageObject\",\"inLanguage\":\"fr-FR\",\"@id\":\"https:\/\/www.simexitaly.it\/informativa-cookies\/#primaryimage\",\"url\":\"https:\/\/www.simexitaly.it\/wp-content\/uploads\/2024\/10\/cookies-simex.jpg\",\"contentUrl\":\"https:\/\/www.simexitaly.it\/wp-content\/uploads\/2024\/10\/cookies-simex.jpg\",\"width\":600,\"height\":314},{\"@type\":\"BreadcrumbList\",\"@id\":\"https:\/\/www.simexitaly.it\/informativa-cookies\/#breadcrumb\",\"itemListElement\":[{\"@type\":\"ListItem\",\"position\":1,\"name\":\"Home\",\"item\":\"https:\/\/www.simexitaly.it\/fr\/home\/\"},{\"@type\":\"ListItem\",\"position\":2,\"name\":\"Informativa Cookies\"}]},{\"@type\":\"WebSite\",\"@id\":\"https:\/\/www.simexitaly.it\/#website\",\"url\":\"https:\/\/www.simexitaly.it\/\",\"name\":\"Simex | PET MOULDS TECHNOLOGY\",\"description\":\"\",\"publisher\":{\"@id\":\"https:\/\/www.simexitaly.it\/#organization\"},\"potentialAction\":[{\"@type\":\"SearchAction\",\"target\":{\"@type\":\"EntryPoint\",\"urlTemplate\":\"https:\/\/www.simexitaly.it\/?s={search_term_string}\"},\"query-input\":{\"@type\":\"PropertyValueSpecification\",\"valueRequired\":true,\"valueName\":\"search_term_string\"}}],\"inLanguage\":\"fr-FR\"},{\"@type\":\"Organization\",\"@id\":\"https:\/\/www.simexitaly.it\/#organization\",\"name\":\"Simex | PET MOULDS TECHNOLOGY\",\"url\":\"https:\/\/www.simexitaly.it\/\",\"logo\":{\"@type\":\"ImageObject\",\"inLanguage\":\"fr-FR\",\"@id\":\"https:\/\/www.simexitaly.it\/#\/schema\/logo\/image\/\",\"url\":\"https:\/\/www.simexitaly.it\/wp-content\/uploads\/2023\/11\/logo-simex-stickly.png\",\"contentUrl\":\"https:\/\/www.simexitaly.it\/wp-content\/uploads\/2023\/11\/logo-simex-stickly.png\",\"width\":291,\"height\":116,\"caption\":\"Simex | PET MOULDS TECHNOLOGY\"},\"image\":{\"@id\":\"https:\/\/www.simexitaly.it\/#\/schema\/logo\/image\/\"}}]}<\/script>\n<!-- \/ Yoast SEO plugin. -->","yoast_head_json":{"title":"Informativa Cookies - Simex | PET MOULDS TECHNOLOGY","description":"Informativa cookies - Il nostro sito web, https:\/\/www.simexitaly.it (di seguito: \u201cil sito web\u201d) utilizza i cookie e altre tecnologie correlate","robots":{"index":"index","follow":"follow","max-snippet":"max-snippet:-1","max-image-preview":"max-image-preview:large","max-video-preview":"max-video-preview:-1"},"canonical":"https:\/\/www.simexitaly.it\/informativa-cookies\/","og_locale":"fr_FR","og_type":"article","og_title":"Informativa Cookies - Simex | PET MOULDS TECHNOLOGY","og_description":"Informativa cookies - Il nostro sito web, https:\/\/www.simexitaly.it (di seguito: \u201cil sito web\u201d) utilizza i cookie e altre tecnologie correlate","og_url":"https:\/\/www.simexitaly.it\/informativa-cookies\/","og_site_name":"Simex | PET MOULDS TECHNOLOGY","article_modified_time":"2024-10-09T10:49:10+00:00","og_image":[{"width":600,"height":314,"url":"https:\/\/www.simexitaly.it\/wp-content\/uploads\/2024\/10\/cookies-simex.jpg","type":"image\/jpeg"}],"twitter_card":"summary_large_image","twitter_misc":{"Dur\u00e9e de lecture estim\u00e9e":"8 minutes"},"schema":{"@context":"https:\/\/schema.org","@graph":[{"@type":"WebPage","@id":"https:\/\/www.simexitaly.it\/informativa-cookies\/","url":"https:\/\/www.simexitaly.it\/informativa-cookies\/","name":"Informativa Cookies - Simex | PET MOULDS TECHNOLOGY","isPartOf":{"@id":"https:\/\/www.simexitaly.it\/#website"},"primaryImageOfPage":{"@id":"https:\/\/www.simexitaly.it\/informativa-cookies\/#primaryimage"},"image":{"@id":"https:\/\/www.simexitaly.it\/informativa-cookies\/#primaryimage"},"thumbnailUrl":"https:\/\/www.simexitaly.it\/wp-content\/uploads\/2024\/10\/cookies-simex.jpg","datePublished":"2024-10-09T08:18:25+00:00","dateModified":"2024-10-09T10:49:10+00:00","description":"Informativa cookies - Il nostro sito web, https:\/\/www.simexitaly.it (di seguito: \u201cil sito web\u201d) utilizza i cookie e altre tecnologie correlate","breadcrumb":{"@id":"https:\/\/www.simexitaly.it\/informativa-cookies\/#breadcrumb"},"inLanguage":"fr-FR","potentialAction":[{"@type":"ReadAction","target":["https:\/\/www.simexitaly.it\/informativa-cookies\/"]}]},{"@type":"ImageObject","inLanguage":"fr-FR","@id":"https:\/\/www.simexitaly.it\/informativa-cookies\/#primaryimage","url":"https:\/\/www.simexitaly.it\/wp-content\/uploads\/2024\/10\/cookies-simex.jpg","contentUrl":"https:\/\/www.simexitaly.it\/wp-content\/uploads\/2024\/10\/cookies-simex.jpg","width":600,"height":314},{"@type":"BreadcrumbList","@id":"https:\/\/www.simexitaly.it\/informativa-cookies\/#breadcrumb","itemListElement":[{"@type":"ListItem","position":1,"name":"Home","item":"https:\/\/www.simexitaly.it\/fr\/home\/"},{"@type":"ListItem","position":2,"name":"Informativa Cookies"}]},{"@type":"WebSite","@id":"https:\/\/www.simexitaly.it\/#website","url":"https:\/\/www.simexitaly.it\/","name":"Simex | PET MOULDS TECHNOLOGY","description":"","publisher":{"@id":"https:\/\/www.simexitaly.it\/#organization"},"potentialAction":[{"@type":"SearchAction","target":{"@type":"EntryPoint","urlTemplate":"https:\/\/www.simexitaly.it\/?s={search_term_string}"},"query-input":{"@type":"PropertyValueSpecification","valueRequired":true,"valueName":"search_term_string"}}],"inLanguage":"fr-FR"},{"@type":"Organization","@id":"https:\/\/www.simexitaly.it\/#organization","name":"Simex | PET MOULDS TECHNOLOGY","url":"https:\/\/www.simexitaly.it\/","logo":{"@type":"ImageObject","inLanguage":"fr-FR","@id":"https:\/\/www.simexitaly.it\/#\/schema\/logo\/image\/","url":"https:\/\/www.simexitaly.it\/wp-content\/uploads\/2023\/11\/logo-simex-stickly.png","contentUrl":"https:\/\/www.simexitaly.it\/wp-content\/uploads\/2023\/11\/logo-simex-stickly.png","width":291,"height":116,"caption":"Simex | PET MOULDS TECHNOLOGY"},"image":{"@id":"https:\/\/www.simexitaly.it\/#\/schema\/logo\/image\/"}}]}},"_links":{"self":[{"href":"https:\/\/www.simexitaly.it\/fr\/wp-json\/wp\/v2\/pages\/12174","targetHints":{"allow":["GET"]}}],"collection":[{"href":"https:\/\/www.simexitaly.it\/fr\/wp-json\/wp\/v2\/pages"}],"about":[{"href":"https:\/\/www.simexitaly.it\/fr\/wp-json\/wp\/v2\/types\/page"}],"author":[{"embeddable":true,"href":"https:\/\/www.simexitaly.it\/fr\/wp-json\/wp\/v2\/users\/1"}],"replies":[{"embeddable":true,"href":"https:\/\/www.simexitaly.it\/fr\/wp-json\/wp\/v2\/comments?post=12174"}],"version-history":[{"count":7,"href":"https:\/\/www.simexitaly.it\/fr\/wp-json\/wp\/v2\/pages\/12174\/revisions"}],"predecessor-version":[{"id":12187,"href":"https:\/\/www.simexitaly.it\/fr\/wp-json\/wp\/v2\/pages\/12174\/revisions\/12187"}],"wp:featuredmedia":[{"embeddable":true,"href":"https:\/\/www.simexitaly.it\/fr\/wp-json\/wp\/v2\/media\/12009"}],"wp:attachment":[{"href":"https:\/\/www.simexitaly.it\/fr\/wp-json\/wp\/v2\/media?parent=12174"}],"curies":[{"name":"wp","href":"https:\/\/api.w.org\/{rel}","templated":true}]}}