{"id":11802,"date":"2024-07-30T09:36:52","date_gmt":"2024-07-30T07:36:52","guid":{"rendered":"https:\/\/www.simexitaly.it\/conception-et-industrialisation\/"},"modified":"2024-10-09T00:08:58","modified_gmt":"2024-10-08T22:08:58","slug":"conception-et-industrialisation","status":"publish","type":"page","link":"https:\/\/www.simexitaly.it\/fr\/conception-et-industrialisation\/","title":{"rendered":"Conception et industrialisation"},"content":{"rendered":"\t\t<div data-elementor-type=\"wp-page\" data-elementor-id=\"11802\" class=\"elementor elementor-11802 elementor-10333\" data-elementor-post-type=\"page\">\n\t\t\t\t<div class=\"elementor-element elementor-element-f10795b e-con-full e-flex e-con e-parent\" data-id=\"f10795b\" data-element_type=\"container\" data-e-type=\"container\">\n\t\t\t\t<div class=\"elementor-element elementor-element-aface51 elementor-hidden-mobile elementor-widget elementor-widget-video\" data-id=\"aface51\" data-element_type=\"widget\" data-e-type=\"widget\" data-settings=\"{&quot;video_type&quot;:&quot;hosted&quot;,&quot;autoplay&quot;:&quot;yes&quot;,&quot;mute&quot;:&quot;yes&quot;,&quot;loop&quot;:&quot;yes&quot;}\" data-widget_type=\"video.default\">\n\t\t\t\t<div class=\"elementor-widget-container\">\n\t\t\t\t\t\t\t<div class=\"e-hosted-video elementor-wrapper elementor-open-inline\">\n\t\t\t\t\t<video class=\"elementor-video\" src=\"https:\/\/www.simexitaly.it\/wp-content\/uploads\/2024\/07\/design-e-industrializzazione.mp4\" autoplay=\"\" loop=\"\" muted=\"muted\" controlsList=\"nodownload\"><\/video>\n\t\t\t\t<\/div>\n\t\t\t\t\t\t<\/div>\n\t\t\t\t<\/div>\n\t\t\t\t<div class=\"elementor-element elementor-element-c08fffa elementor-hidden-widescreen elementor-hidden-desktop elementor-hidden-laptop elementor-hidden-tablet_extra elementor-hidden-tablet elementor-hidden-mobile_extra elementor-widget elementor-widget-video\" data-id=\"c08fffa\" data-element_type=\"widget\" data-e-type=\"widget\" data-settings=\"{&quot;video_type&quot;:&quot;hosted&quot;,&quot;autoplay&quot;:&quot;yes&quot;,&quot;mute&quot;:&quot;yes&quot;,&quot;loop&quot;:&quot;yes&quot;,&quot;play_on_mobile&quot;:&quot;yes&quot;}\" data-widget_type=\"video.default\">\n\t\t\t\t<div class=\"elementor-widget-container\">\n\t\t\t\t\t\t\t<div class=\"e-hosted-video elementor-wrapper elementor-open-inline\">\n\t\t\t\t\t<video class=\"elementor-video\" src=\"https:\/\/www.simexitaly.it\/wp-content\/uploads\/2024\/07\/design-e-industrializzazione.mp4\" autoplay=\"\" loop=\"\" muted=\"muted\" playsinline=\"\" controlsList=\"nodownload\"><\/video>\n\t\t\t\t<\/div>\n\t\t\t\t\t\t<\/div>\n\t\t\t\t<\/div>\n\t\t\t\t<\/div>\n\t\t<div class=\"elementor-element elementor-element-652dbc7 e-flex e-con-boxed e-con e-parent\" data-id=\"652dbc7\" data-element_type=\"container\" data-e-type=\"container\" data-settings=\"{&quot;background_background&quot;:&quot;classic&quot;}\">\n\t\t\t\t\t<div class=\"e-con-inner\">\n\t\t\t\t<div class=\"elementor-element elementor-element-99303c5 elementor-widget elementor-widget-heading\" data-id=\"99303c5\" data-element_type=\"widget\" data-e-type=\"widget\" data-widget_type=\"heading.default\">\n\t\t\t\t<div class=\"elementor-widget-container\">\n\t\t\t\t\t<h2 class=\"elementor-heading-title elementor-size-default\">L\u2019importance du d\u00e9part<\/h2>\t\t\t\t<\/div>\n\t\t\t\t<\/div>\n\t\t\t\t<div class=\"elementor-element elementor-element-1be362a elementor-widget elementor-widget-heading\" data-id=\"1be362a\" data-element_type=\"widget\" data-e-type=\"widget\" data-widget_type=\"heading.default\">\n\t\t\t\t<div class=\"elementor-widget-container\">\n\t\t\t\t\t<h2 class=\"elementor-heading-title elementor-size-default\">ID\u00c9E \u2013 CONCEPT \u2013 ING\u00c9NIERIE INVERSE : NOUS TROUVONS TOUJOURS LA M\u00c9THODE LA PLUS ADAPT\u00c9E, QUEL QUE SOIT LE POINT DE D\u00c9PART<\/h2>\t\t\t\t<\/div>\n\t\t\t\t<\/div>\n\t\t\t\t\t<\/div>\n\t\t\t\t<\/div>\n\t\t<div class=\"elementor-element elementor-element-be39322 e-flex e-con-boxed e-con e-parent\" data-id=\"be39322\" data-element_type=\"container\" data-e-type=\"container\" data-settings=\"{&quot;background_background&quot;:&quot;classic&quot;}\">\n\t\t\t\t\t<div class=\"e-con-inner\">\n\t\t<div class=\"elementor-element elementor-element-0d4f67e e-con-full e-flex e-con e-child\" data-id=\"0d4f67e\" data-element_type=\"container\" data-e-type=\"container\">\n\t\t\t\t<div class=\"elementor-element elementor-element-e1607ad elementor-widget elementor-widget-text-editor\" data-id=\"e1607ad\" data-element_type=\"widget\" data-e-type=\"widget\" data-widget_type=\"text-editor.default\">\n\t\t\t\t<div class=\"elementor-widget-container\">\n\t\t\t\t\t\t\t\t\tSimex repr\u00e9sente le partenariat parfait dans le d\u00e9veloppement de votre id\u00e9e de produit. L\u2019entreprise dispose de tous les services, comp\u00e9tences et technologies n\u00e9cessaires pour suivre et accompagner chaque <strong>\u00e9tape du projet<\/strong>. La collaboration, en effet, peut commencer indiff\u00e9remment \u00e0 partir de :   <ul>\n \t<li> un <strong>design d\u00e9j\u00e0 d\u00e9velopp\u00e9<\/strong> par le client<\/li>\n<li> un <strong>mod\u00e8le<\/strong> d\u00e9j\u00e0 existant, \u00e0 r\u00e9cup\u00e9rer ou \u00e0 compl\u00e9ter (reverse Engineering)<\/li>\n<li>une <strong>id\u00e9e de concept<\/strong> du client sur laquelle Simex d\u00e9veloppe un <strong>projet d\u00e9di\u00e9<\/strong> en fonction de besoins sp\u00e9cifiques.<\/li>\n<\/ul>\t\t\t\t\t\t\t\t<\/div>\n\t\t\t\t<\/div>\n\t\t\t\t<div class=\"elementor-element elementor-element-83dfa52 elementor-widget elementor-widget-image\" data-id=\"83dfa52\" data-element_type=\"widget\" data-e-type=\"widget\" data-widget_type=\"image.default\">\n\t\t\t\t<div class=\"elementor-widget-container\">\n\t\t\t\t\t\t\t\t\t\t\t\t\t\t\t<img loading=\"lazy\" decoding=\"async\" width=\"1412\" height=\"819\" src=\"https:\/\/www.simexitaly.it\/wp-content\/uploads\/2024\/07\/design-e-industrializzazione-1.jpg\" class=\"attachment-full size-full wp-image-10347\" alt=\"\" srcset=\"https:\/\/www.simexitaly.it\/wp-content\/uploads\/2024\/07\/design-e-industrializzazione-1.jpg 1412w, https:\/\/www.simexitaly.it\/wp-content\/uploads\/2024\/07\/design-e-industrializzazione-1-300x174.jpg 300w, https:\/\/www.simexitaly.it\/wp-content\/uploads\/2024\/07\/design-e-industrializzazione-1-1024x594.jpg 1024w, https:\/\/www.simexitaly.it\/wp-content\/uploads\/2024\/07\/design-e-industrializzazione-1-768x445.jpg 768w\" sizes=\"auto, (max-width: 1412px) 100vw, 1412px\" \/>\t\t\t\t\t\t\t\t\t\t\t\t\t\t\t<\/div>\n\t\t\t\t<\/div>\n\t\t\t\t<div class=\"elementor-element elementor-element-abf2b90 elementor-widget elementor-widget-text-editor\" data-id=\"abf2b90\" data-element_type=\"widget\" data-e-type=\"widget\" data-widget_type=\"text-editor.default\">\n\t\t\t\t<div class=\"elementor-widget-container\">\n\t\t\t\t\t\t\t\t\t<p>Una volta individuato l\u2019obiettivo si mettono in campo tutte le <strong>risorse necessarie<\/strong> allo sviluppo preliminare, tra cui: <strong>rendering <\/strong>di prodotto, <strong>mockup<\/strong>, prototipazione <strong>3D<\/strong> e <strong>stampi pilota<\/strong> per produzioni di <strong>pre-serie<\/strong>. In questo modo sia Simex che il cliente possono avere massimo controllo sia sul di prodotto che sugli iter procedurali. Parallelamente si possono eseguire verifiche mirate, tramite accurati test di laboratorio, per poter ottimizzare il tutto prima di realizzare la serie completa.  <\/p>\n\t\t\t\t\t\t\t\t<\/div>\n\t\t\t\t<\/div>\n\t\t\t\t<div class=\"elementor-element elementor-element-ba2eb75 elementor-widget elementor-widget-image\" data-id=\"ba2eb75\" data-element_type=\"widget\" data-e-type=\"widget\" data-widget_type=\"image.default\">\n\t\t\t\t<div class=\"elementor-widget-container\">\n\t\t\t\t\t\t\t\t\t\t\t\t\t\t\t<img loading=\"lazy\" decoding=\"async\" width=\"1412\" height=\"937\" src=\"https:\/\/www.simexitaly.it\/wp-content\/uploads\/2024\/07\/design-industrializzazione-002.jpg\" class=\"attachment-full size-full wp-image-10353\" alt=\"\" srcset=\"https:\/\/www.simexitaly.it\/wp-content\/uploads\/2024\/07\/design-industrializzazione-002.jpg 1412w, https:\/\/www.simexitaly.it\/wp-content\/uploads\/2024\/07\/design-industrializzazione-002-300x199.jpg 300w, https:\/\/www.simexitaly.it\/wp-content\/uploads\/2024\/07\/design-industrializzazione-002-1024x680.jpg 1024w, https:\/\/www.simexitaly.it\/wp-content\/uploads\/2024\/07\/design-industrializzazione-002-768x510.jpg 768w\" sizes=\"auto, (max-width: 1412px) 100vw, 1412px\" \/>\t\t\t\t\t\t\t\t\t\t\t\t\t\t\t<\/div>\n\t\t\t\t<\/div>\n\t\t\t\t<\/div>\n\t\t\t\t\t<\/div>\n\t\t\t\t<\/div>\n\t\t<div class=\"elementor-element elementor-element-e598b85 e-con-full elementor-hidden-mobile_extra elementor-hidden-mobile e-flex e-con e-parent\" data-id=\"e598b85\" data-element_type=\"container\" data-e-type=\"container\" data-settings=\"{&quot;background_background&quot;:&quot;classic&quot;}\">\n\t\t\t\t<\/div>\n\t\t<div class=\"elementor-element elementor-element-9f53735 elementor-hidden-mobile_extra elementor-hidden-mobile e-flex e-con-boxed e-con e-parent\" data-id=\"9f53735\" data-element_type=\"container\" data-e-type=\"container\" data-settings=\"{&quot;background_background&quot;:&quot;classic&quot;}\">\n\t\t\t\t\t<div class=\"e-con-inner\">\n\t\t<div class=\"elementor-element elementor-element-94b63d8 e-con-full e-flex e-con e-child\" data-id=\"94b63d8\" data-element_type=\"container\" data-e-type=\"container\">\n\t\t\t\t<div class=\"elementor-element elementor-element-83d59e1 elementor-widget-mobile__width-initial elementor-widget elementor-widget-image\" data-id=\"83d59e1\" data-element_type=\"widget\" data-e-type=\"widget\" data-widget_type=\"image.default\">\n\t\t\t\t<div class=\"elementor-widget-container\">\n\t\t\t\t\t\t\t\t\t\t\t\t\t\t\t\t<a href=\"https:\/\/www.simexitaly.it\/fr\/maintenance-conversions-et-assistance-apres-vente\/\">\n\t\t\t\t\t\t\t<img decoding=\"async\" src=\"https:\/\/www.simexitaly.it\/wp-content\/uploads\/elementor\/thumbs\/frecce-orizzontali-02-qrvceyvkv69oovbu78aokj74d140v1g7e4v22tlx4w.png\" title=\"frecce orizzontali-02\" alt=\"frecce orizzontali-02\" loading=\"lazy\" \/>\t\t\t\t\t\t\t\t<\/a>\n\t\t\t\t\t\t\t\t\t\t\t\t\t\t\t<\/div>\n\t\t\t\t<\/div>\n\t\t\t\t<div class=\"elementor-element elementor-element-5d19f56 elementor-widget__width-initial elementor-hidden-mobile elementor-widget elementor-widget-heading\" data-id=\"5d19f56\" data-element_type=\"widget\" data-e-type=\"widget\" data-widget_type=\"heading.default\">\n\t\t\t\t<div class=\"elementor-widget-container\">\n\t\t\t\t\t<h2 class=\"elementor-heading-title elementor-size-default\"><a href=\"https:\/\/www.simexitaly.it\/fr\/maintenance-conversions-et-assistance-apres-vente\/\">MAINTENANCE, CONVERSIONS <br>ET ASSISTANCE APR\u00c8S-VENTE<\/a><\/h2>\t\t\t\t<\/div>\n\t\t\t\t<\/div>\n\t\t\t\t<\/div>\n\t\t<div class=\"elementor-element elementor-element-89ec59f e-con-full e-flex e-con e-child\" data-id=\"89ec59f\" data-element_type=\"container\" data-e-type=\"container\">\n\t\t\t\t<div class=\"elementor-element elementor-element-7106250 elementor-widget__width-initial elementor-widget-laptop__width-initial elementor-widget-tablet_extra__width-initial elementor-widget-tablet__width-initial elementor-widget-mobile_extra__width-initial elementor-widget-mobile__width-initial elementor-hidden-mobile elementor-widget elementor-widget-heading\" data-id=\"7106250\" data-element_type=\"widget\" data-e-type=\"widget\" data-widget_type=\"heading.default\">\n\t\t\t\t<div class=\"elementor-widget-container\">\n\t\t\t\t\t<h2 class=\"elementor-heading-title elementor-size-default\"><a href=\"https:\/\/www.simexitaly.it\/fr\/moules-dinjection\/\">MOULES <br>D\u2019INJECTION<\/a><\/h2>\t\t\t\t<\/div>\n\t\t\t\t<\/div>\n\t\t\t\t<div class=\"elementor-element elementor-element-f874ca8 elementor-widget-mobile__width-initial elementor-widget elementor-widget-image\" data-id=\"f874ca8\" data-element_type=\"widget\" data-e-type=\"widget\" data-widget_type=\"image.default\">\n\t\t\t\t<div class=\"elementor-widget-container\">\n\t\t\t\t\t\t\t\t\t\t\t\t\t\t\t\t<a href=\"https:\/\/www.simexitaly.it\/fr\/moules-dinjection\/\">\n\t\t\t\t\t\t\t<img decoding=\"async\" src=\"https:\/\/www.simexitaly.it\/wp-content\/uploads\/elementor\/thumbs\/frecce-orizzontali-dx-qrvh9a2494vxpm4scks0yjoe5dygadg8ow4ly35n9c.png\" title=\"frecce orizzontali-dx\" alt=\"frecce orizzontali-dx\" loading=\"lazy\" \/>\t\t\t\t\t\t\t\t<\/a>\n\t\t\t\t\t\t\t\t\t\t\t\t\t\t\t<\/div>\n\t\t\t\t<\/div>\n\t\t\t\t<\/div>\n\t\t\t\t\t<\/div>\n\t\t\t\t<\/div>\n\t\t<div class=\"elementor-element elementor-element-4df1fbd e-con-full elementor-hidden-mobile_extra elementor-hidden-mobile e-flex e-con e-parent\" data-id=\"4df1fbd\" data-element_type=\"container\" data-e-type=\"container\" data-settings=\"{&quot;background_background&quot;:&quot;classic&quot;}\">\n\t\t\t\t<\/div>\n\t\t\t\t<\/div>\n\t\t","protected":false},"excerpt":{"rendered":"<p>https:\/\/www.simexitaly.it\/wp-content\/uploads\/2024\/07\/design-e-industrializzazione.mp4https:\/\/www.simexitaly.it\/wp-content\/uploads\/2024\/07\/design-e-industrializzazione.mp4 L\u2019importance du d\u00e9part ID\u00c9E \u2013 CONCEPT \u2013 ING\u00c9NIERIE INVERSE : NOUS TROUVONS TOUJOURS LA M\u00c9THODE LA PLUS ADAPT\u00c9E, QUEL QUE SOIT LE POINT DE D\u00c9PART Simex repr\u00e9sente le partenariat parfait dans le d\u00e9veloppement de votre id\u00e9e de produit. L\u2019entreprise dispose de tous les services, comp\u00e9tences et technologies n\u00e9cessaires pour suivre et accompagner chaque \u00e9tape [&hellip;]<\/p>\n","protected":false},"author":1,"featured_media":12012,"parent":0,"menu_order":0,"comment_status":"closed","ping_status":"closed","template":"page-full-width.php","meta":{"footnotes":""},"class_list":["post-11802","page","type-page","status-publish","has-post-thumbnail","hentry"],"yoast_head":"<!-- This site is optimized with the Yoast SEO plugin v27.5 - https:\/\/yoast.com\/product\/yoast-seo-wordpress\/ -->\n<title>Conception et industrialisation - Simex | PET MOULDS TECHNOLOGY<\/title>\n<meta name=\"description\" content=\"Simex repr\u00e9sente le partenariat parfait dans le d\u00e9veloppement de votre id\u00e9e de produit.\" \/>\n<meta name=\"robots\" content=\"index, follow, max-snippet:-1, max-image-preview:large, max-video-preview:-1\" \/>\n<link rel=\"canonical\" href=\"https:\/\/www.simexitaly.it\/fr\/conception-et-industrialisation\/\" \/>\n<meta property=\"og:locale\" content=\"fr_FR\" \/>\n<meta property=\"og:type\" content=\"article\" \/>\n<meta property=\"og:title\" content=\"Conception et industrialisation - Simex | PET MOULDS TECHNOLOGY\" \/>\n<meta property=\"og:description\" content=\"Simex repr\u00e9sente le partenariat parfait dans le d\u00e9veloppement de votre id\u00e9e de produit.\" \/>\n<meta property=\"og:url\" content=\"https:\/\/www.simexitaly.it\/fr\/conception-et-industrialisation\/\" \/>\n<meta property=\"og:site_name\" content=\"Simex | PET MOULDS TECHNOLOGY\" \/>\n<meta property=\"article:modified_time\" content=\"2024-10-08T22:08:58+00:00\" \/>\n<meta property=\"og:image\" content=\"https:\/\/www.simexitaly.it\/wp-content\/uploads\/2024\/10\/design-simex.jpg\" \/>\n\t<meta property=\"og:image:width\" content=\"600\" \/>\n\t<meta property=\"og:image:height\" content=\"314\" \/>\n\t<meta property=\"og:image:type\" content=\"image\/jpeg\" \/>\n<meta name=\"twitter:card\" content=\"summary_large_image\" \/>\n<meta name=\"twitter:label1\" content=\"Dur\u00e9e de lecture estim\u00e9e\" \/>\n\t<meta name=\"twitter:data1\" content=\"1 minute\" \/>\n<script type=\"application\/ld+json\" class=\"yoast-schema-graph\">{\"@context\":\"https:\\\/\\\/schema.org\",\"@graph\":[{\"@type\":\"WebPage\",\"@id\":\"https:\\\/\\\/www.simexitaly.it\\\/fr\\\/conception-et-industrialisation\\\/\",\"url\":\"https:\\\/\\\/www.simexitaly.it\\\/fr\\\/conception-et-industrialisation\\\/\",\"name\":\"Conception et industrialisation - Simex | PET MOULDS TECHNOLOGY\",\"isPartOf\":{\"@id\":\"https:\\\/\\\/www.simexitaly.it\\\/#website\"},\"primaryImageOfPage\":{\"@id\":\"https:\\\/\\\/www.simexitaly.it\\\/fr\\\/conception-et-industrialisation\\\/#primaryimage\"},\"image\":{\"@id\":\"https:\\\/\\\/www.simexitaly.it\\\/fr\\\/conception-et-industrialisation\\\/#primaryimage\"},\"thumbnailUrl\":\"https:\\\/\\\/www.simexitaly.it\\\/wp-content\\\/uploads\\\/2024\\\/10\\\/design-simex.jpg\",\"datePublished\":\"2024-07-30T07:36:52+00:00\",\"dateModified\":\"2024-10-08T22:08:58+00:00\",\"description\":\"Simex repr\u00e9sente le partenariat parfait dans le d\u00e9veloppement de votre id\u00e9e de produit.\",\"breadcrumb\":{\"@id\":\"https:\\\/\\\/www.simexitaly.it\\\/fr\\\/conception-et-industrialisation\\\/#breadcrumb\"},\"inLanguage\":\"fr-FR\",\"potentialAction\":[{\"@type\":\"ReadAction\",\"target\":[\"https:\\\/\\\/www.simexitaly.it\\\/fr\\\/conception-et-industrialisation\\\/\"]}]},{\"@type\":\"ImageObject\",\"inLanguage\":\"fr-FR\",\"@id\":\"https:\\\/\\\/www.simexitaly.it\\\/fr\\\/conception-et-industrialisation\\\/#primaryimage\",\"url\":\"https:\\\/\\\/www.simexitaly.it\\\/wp-content\\\/uploads\\\/2024\\\/10\\\/design-simex.jpg\",\"contentUrl\":\"https:\\\/\\\/www.simexitaly.it\\\/wp-content\\\/uploads\\\/2024\\\/10\\\/design-simex.jpg\",\"width\":600,\"height\":314},{\"@type\":\"BreadcrumbList\",\"@id\":\"https:\\\/\\\/www.simexitaly.it\\\/fr\\\/conception-et-industrialisation\\\/#breadcrumb\",\"itemListElement\":[{\"@type\":\"ListItem\",\"position\":1,\"name\":\"Home\",\"item\":\"https:\\\/\\\/www.simexitaly.it\\\/fr\\\/home\\\/\"},{\"@type\":\"ListItem\",\"position\":2,\"name\":\"Conception et industrialisation\"}]},{\"@type\":\"WebSite\",\"@id\":\"https:\\\/\\\/www.simexitaly.it\\\/#website\",\"url\":\"https:\\\/\\\/www.simexitaly.it\\\/\",\"name\":\"Simex | PET MOULDS TECHNOLOGY\",\"description\":\"\",\"publisher\":{\"@id\":\"https:\\\/\\\/www.simexitaly.it\\\/#organization\"},\"potentialAction\":[{\"@type\":\"SearchAction\",\"target\":{\"@type\":\"EntryPoint\",\"urlTemplate\":\"https:\\\/\\\/www.simexitaly.it\\\/?s={search_term_string}\"},\"query-input\":{\"@type\":\"PropertyValueSpecification\",\"valueRequired\":true,\"valueName\":\"search_term_string\"}}],\"inLanguage\":\"fr-FR\"},{\"@type\":\"Organization\",\"@id\":\"https:\\\/\\\/www.simexitaly.it\\\/#organization\",\"name\":\"Simex | PET MOULDS TECHNOLOGY\",\"url\":\"https:\\\/\\\/www.simexitaly.it\\\/\",\"logo\":{\"@type\":\"ImageObject\",\"inLanguage\":\"fr-FR\",\"@id\":\"https:\\\/\\\/www.simexitaly.it\\\/#\\\/schema\\\/logo\\\/image\\\/\",\"url\":\"https:\\\/\\\/www.simexitaly.it\\\/wp-content\\\/uploads\\\/2023\\\/11\\\/logo-simex-stickly.png\",\"contentUrl\":\"https:\\\/\\\/www.simexitaly.it\\\/wp-content\\\/uploads\\\/2023\\\/11\\\/logo-simex-stickly.png\",\"width\":291,\"height\":116,\"caption\":\"Simex | PET MOULDS TECHNOLOGY\"},\"image\":{\"@id\":\"https:\\\/\\\/www.simexitaly.it\\\/#\\\/schema\\\/logo\\\/image\\\/\"}}]}<\/script>\n<!-- \/ Yoast SEO plugin. -->","yoast_head_json":{"title":"Conception et industrialisation - Simex | PET MOULDS TECHNOLOGY","description":"Simex repr\u00e9sente le partenariat parfait dans le d\u00e9veloppement de votre id\u00e9e de produit.","robots":{"index":"index","follow":"follow","max-snippet":"max-snippet:-1","max-image-preview":"max-image-preview:large","max-video-preview":"max-video-preview:-1"},"canonical":"https:\/\/www.simexitaly.it\/fr\/conception-et-industrialisation\/","og_locale":"fr_FR","og_type":"article","og_title":"Conception et industrialisation - Simex | PET MOULDS TECHNOLOGY","og_description":"Simex repr\u00e9sente le partenariat parfait dans le d\u00e9veloppement de votre id\u00e9e de produit.","og_url":"https:\/\/www.simexitaly.it\/fr\/conception-et-industrialisation\/","og_site_name":"Simex | PET MOULDS TECHNOLOGY","article_modified_time":"2024-10-08T22:08:58+00:00","og_image":[{"width":600,"height":314,"url":"https:\/\/www.simexitaly.it\/wp-content\/uploads\/2024\/10\/design-simex.jpg","type":"image\/jpeg"}],"twitter_card":"summary_large_image","twitter_misc":{"Dur\u00e9e de lecture estim\u00e9e":"1 minute"},"schema":{"@context":"https:\/\/schema.org","@graph":[{"@type":"WebPage","@id":"https:\/\/www.simexitaly.it\/fr\/conception-et-industrialisation\/","url":"https:\/\/www.simexitaly.it\/fr\/conception-et-industrialisation\/","name":"Conception et industrialisation - Simex | PET MOULDS TECHNOLOGY","isPartOf":{"@id":"https:\/\/www.simexitaly.it\/#website"},"primaryImageOfPage":{"@id":"https:\/\/www.simexitaly.it\/fr\/conception-et-industrialisation\/#primaryimage"},"image":{"@id":"https:\/\/www.simexitaly.it\/fr\/conception-et-industrialisation\/#primaryimage"},"thumbnailUrl":"https:\/\/www.simexitaly.it\/wp-content\/uploads\/2024\/10\/design-simex.jpg","datePublished":"2024-07-30T07:36:52+00:00","dateModified":"2024-10-08T22:08:58+00:00","description":"Simex repr\u00e9sente le partenariat parfait dans le d\u00e9veloppement de votre id\u00e9e de produit.","breadcrumb":{"@id":"https:\/\/www.simexitaly.it\/fr\/conception-et-industrialisation\/#breadcrumb"},"inLanguage":"fr-FR","potentialAction":[{"@type":"ReadAction","target":["https:\/\/www.simexitaly.it\/fr\/conception-et-industrialisation\/"]}]},{"@type":"ImageObject","inLanguage":"fr-FR","@id":"https:\/\/www.simexitaly.it\/fr\/conception-et-industrialisation\/#primaryimage","url":"https:\/\/www.simexitaly.it\/wp-content\/uploads\/2024\/10\/design-simex.jpg","contentUrl":"https:\/\/www.simexitaly.it\/wp-content\/uploads\/2024\/10\/design-simex.jpg","width":600,"height":314},{"@type":"BreadcrumbList","@id":"https:\/\/www.simexitaly.it\/fr\/conception-et-industrialisation\/#breadcrumb","itemListElement":[{"@type":"ListItem","position":1,"name":"Home","item":"https:\/\/www.simexitaly.it\/fr\/home\/"},{"@type":"ListItem","position":2,"name":"Conception et industrialisation"}]},{"@type":"WebSite","@id":"https:\/\/www.simexitaly.it\/#website","url":"https:\/\/www.simexitaly.it\/","name":"Simex | PET MOULDS TECHNOLOGY","description":"","publisher":{"@id":"https:\/\/www.simexitaly.it\/#organization"},"potentialAction":[{"@type":"SearchAction","target":{"@type":"EntryPoint","urlTemplate":"https:\/\/www.simexitaly.it\/?s={search_term_string}"},"query-input":{"@type":"PropertyValueSpecification","valueRequired":true,"valueName":"search_term_string"}}],"inLanguage":"fr-FR"},{"@type":"Organization","@id":"https:\/\/www.simexitaly.it\/#organization","name":"Simex | PET MOULDS TECHNOLOGY","url":"https:\/\/www.simexitaly.it\/","logo":{"@type":"ImageObject","inLanguage":"fr-FR","@id":"https:\/\/www.simexitaly.it\/#\/schema\/logo\/image\/","url":"https:\/\/www.simexitaly.it\/wp-content\/uploads\/2023\/11\/logo-simex-stickly.png","contentUrl":"https:\/\/www.simexitaly.it\/wp-content\/uploads\/2023\/11\/logo-simex-stickly.png","width":291,"height":116,"caption":"Simex | PET MOULDS TECHNOLOGY"},"image":{"@id":"https:\/\/www.simexitaly.it\/#\/schema\/logo\/image\/"}}]}},"_links":{"self":[{"href":"https:\/\/www.simexitaly.it\/fr\/wp-json\/wp\/v2\/pages\/11802","targetHints":{"allow":["GET"]}}],"collection":[{"href":"https:\/\/www.simexitaly.it\/fr\/wp-json\/wp\/v2\/pages"}],"about":[{"href":"https:\/\/www.simexitaly.it\/fr\/wp-json\/wp\/v2\/types\/page"}],"author":[{"embeddable":true,"href":"https:\/\/www.simexitaly.it\/fr\/wp-json\/wp\/v2\/users\/1"}],"replies":[{"embeddable":true,"href":"https:\/\/www.simexitaly.it\/fr\/wp-json\/wp\/v2\/comments?post=11802"}],"version-history":[{"count":5,"href":"https:\/\/www.simexitaly.it\/fr\/wp-json\/wp\/v2\/pages\/11802\/revisions"}],"predecessor-version":[{"id":11980,"href":"https:\/\/www.simexitaly.it\/fr\/wp-json\/wp\/v2\/pages\/11802\/revisions\/11980"}],"wp:featuredmedia":[{"embeddable":true,"href":"https:\/\/www.simexitaly.it\/fr\/wp-json\/wp\/v2\/media\/12012"}],"wp:attachment":[{"href":"https:\/\/www.simexitaly.it\/fr\/wp-json\/wp\/v2\/media?parent=11802"}],"curies":[{"name":"wp","href":"https:\/\/api.w.org\/{rel}","templated":true}]}}