{"id":11800,"date":"2024-08-05T18:29:35","date_gmt":"2024-08-05T16:29:35","guid":{"rendered":"https:\/\/www.simexitaly.it\/maintenance-conversions-et-assistance-apres-vente\/"},"modified":"2024-10-09T00:10:06","modified_gmt":"2024-10-08T22:10:06","slug":"maintenance-conversions-et-assistance-apres-vente","status":"publish","type":"page","link":"https:\/\/www.simexitaly.it\/fr\/maintenance-conversions-et-assistance-apres-vente\/","title":{"rendered":"Maintenance, conversions et assistance apr\u00e8s-vente"},"content":{"rendered":"\t\t<div data-elementor-type=\"wp-page\" data-elementor-id=\"11800\" class=\"elementor elementor-11800 elementor-10875\" data-elementor-post-type=\"page\">\n\t\t\t\t<div class=\"elementor-element elementor-element-f10795b e-con-full e-flex e-con e-parent\" data-id=\"f10795b\" data-element_type=\"container\" data-e-type=\"container\">\n\t\t\t\t<div class=\"elementor-element elementor-element-64e5c76 elementor--h-position-center elementor--v-position-middle elementor-widget elementor-widget-slides\" data-id=\"64e5c76\" data-element_type=\"widget\" data-e-type=\"widget\" data-settings=\"{&quot;autoplay_speed&quot;:4000,&quot;transition_speed&quot;:1000,&quot;navigation&quot;:&quot;none&quot;,&quot;autoplay&quot;:&quot;yes&quot;,&quot;infinite&quot;:&quot;yes&quot;,&quot;transition&quot;:&quot;slide&quot;}\" data-widget_type=\"slides.default\">\n\t\t\t\t<div class=\"elementor-widget-container\">\n\t\t\t\t\t\t\t\t\t<div class=\"elementor-swiper\">\n\t\t\t\t\t<div class=\"elementor-slides-wrapper elementor-main-swiper swiper\" role=\"region\" aria-roledescription=\"carousel\" aria-label=\"Diapositives\" dir=\"ltr\" data-animation=\"zoomIn\">\n\t\t\t\t<div class=\"swiper-wrapper elementor-slides\">\n\t\t\t\t\t\t\t\t\t\t<div class=\"elementor-repeater-item-69e45da swiper-slide\" role=\"group\" aria-roledescription=\"slide\"><div class=\"swiper-slide-bg\" role=\"img\" aria-label=\"manutenzioni-conversioni\"><\/div><div class=\"elementor-background-overlay\"><\/div><div class=\"swiper-slide-inner\" ><div class=\"swiper-slide-contents\"><\/div><\/div><\/div>\t\t\t\t<\/div>\n\t\t\t\t\t\t\t<\/div>\n\t\t\t\t<\/div>\n\t\t\t\t\t\t\t\t<\/div>\n\t\t\t\t<\/div>\n\t\t\t\t<\/div>\n\t\t<div class=\"elementor-element elementor-element-652dbc7 e-flex e-con-boxed e-con e-parent\" data-id=\"652dbc7\" data-element_type=\"container\" data-e-type=\"container\" data-settings=\"{&quot;background_background&quot;:&quot;classic&quot;}\">\n\t\t\t\t\t<div class=\"e-con-inner\">\n\t\t\t\t<div class=\"elementor-element elementor-element-1be362a elementor-widget elementor-widget-heading\" data-id=\"1be362a\" data-element_type=\"widget\" data-e-type=\"widget\" data-widget_type=\"heading.default\">\n\t\t\t\t<div class=\"elementor-widget-container\">\n\t\t\t\t\t<h2 class=\"elementor-heading-title elementor-size-default\">Maintenance, conversions et assistance apr\u00e8s-vente<\/h2>\t\t\t\t<\/div>\n\t\t\t\t<\/div>\n\t\t\t\t\t<\/div>\n\t\t\t\t<\/div>\n\t\t<div class=\"elementor-element elementor-element-e44bc01 e-flex e-con-boxed e-con e-parent\" data-id=\"e44bc01\" data-element_type=\"container\" data-e-type=\"container\" data-settings=\"{&quot;background_background&quot;:&quot;classic&quot;}\">\n\t\t\t\t\t<div class=\"e-con-inner\">\n\t\t<div class=\"elementor-element elementor-element-76e7445 e-con-full e-flex e-con e-child\" data-id=\"76e7445\" data-element_type=\"container\" data-e-type=\"container\">\n\t\t\t\t<div class=\"elementor-element elementor-element-e1607ad elementor-widget elementor-widget-text-editor\" data-id=\"e1607ad\" data-element_type=\"widget\" data-e-type=\"widget\" data-widget_type=\"text-editor.default\">\n\t\t\t\t<div class=\"elementor-widget-container\">\n\t\t\t\t\t\t\t\t\t<p>Simex peut fournir le service de <strong>restauration et de r\u00e9g\u00e9n\u00e9ration des moules usag\u00e9s<\/strong>. Ce service comprend : la <strong>maintenance compl\u00e8te<\/strong> des moules d\u2019injection pour pr\u00e9formes, avec possibilit\u00e9 de fourniture de nouvelles <strong>pi\u00e8ces de rechange<\/strong> ; <strong>conversion<\/strong> des moules de pr\u00e9formes et <strong>adaptation<\/strong> aux nouveaux poids et de nouveaux cols (y compris l\u2019\u00e9tude et le d\u00e9veloppement de la conception du produit) ; remplacement ou r\u00e9g\u00e9n\u00e9ration possible de toutes les pi\u00e8ces sujettes \u00e0 l\u2019usure ; nettoyage et remise en \u00e9tat des circuits de refroidissement. En plus de tout cela, le moule et l\u2019<strong>assistance<\/strong> aux tests sont garantis jusqu\u2019\u00e0 un an \u00e0 compter de la d\u00e9livrance. <\/p>\n\t\t\t\t\t\t\t\t<\/div>\n\t\t\t\t<\/div>\n\t\t\t\t<div class=\"elementor-element elementor-element-973a96b elementor-widget elementor-widget-qi_addons_for_elementor_image_gallery_pinterest\" data-id=\"973a96b\" data-element_type=\"widget\" data-e-type=\"widget\" data-widget_type=\"qi_addons_for_elementor_image_gallery_pinterest.default\">\n\t\t\t\t<div class=\"elementor-widget-container\">\n\t\t\t\t\t<div class=\"qodef-shortcode qodef-m qodef-qi-image-gallery-pinterest qodef-qi-grid qodef-layout--qi-masonry qodef-col-num--2 qodef-responsive--predefined\">\n\t<div class=\"qodef-grid-inner\">\n\t\t\t<div class=\"qodef-qi-grid-masonry-sizer\"><\/div>\n<div class=\"qodef-e qodef-image-wrapper qodef-grid-item\">\n\t<div class=\"qodef-e-inner\">\n\t\t\t\t\t<img loading=\"lazy\" decoding=\"async\" width=\"1523\" height=\"1500\" src=\"https:\/\/www.simexitaly.it\/wp-content\/uploads\/2024\/08\/manutenzioni-conversioni001.jpg\" class=\"attachment-full size-full\" alt=\"\" srcset=\"https:\/\/www.simexitaly.it\/wp-content\/uploads\/2024\/08\/manutenzioni-conversioni001.jpg 1523w, https:\/\/www.simexitaly.it\/wp-content\/uploads\/2024\/08\/manutenzioni-conversioni001-300x295.jpg 300w, https:\/\/www.simexitaly.it\/wp-content\/uploads\/2024\/08\/manutenzioni-conversioni001-1024x1009.jpg 1024w, https:\/\/www.simexitaly.it\/wp-content\/uploads\/2024\/08\/manutenzioni-conversioni001-768x756.jpg 768w\" sizes=\"auto, (max-width: 1523px) 100vw, 1523px\" \/>\t\t\t<\/div>\n<\/div>\n<div class=\"qodef-e qodef-image-wrapper qodef-grid-item\">\n\t<div class=\"qodef-e-inner\">\n\t\t\t\t\t<img loading=\"lazy\" decoding=\"async\" width=\"1208\" height=\"1500\" src=\"https:\/\/www.simexitaly.it\/wp-content\/uploads\/2024\/08\/manutenzioni-conversioni002.jpg\" class=\"attachment-full size-full\" alt=\"\" srcset=\"https:\/\/www.simexitaly.it\/wp-content\/uploads\/2024\/08\/manutenzioni-conversioni002.jpg 1208w, https:\/\/www.simexitaly.it\/wp-content\/uploads\/2024\/08\/manutenzioni-conversioni002-242x300.jpg 242w, https:\/\/www.simexitaly.it\/wp-content\/uploads\/2024\/08\/manutenzioni-conversioni002-825x1024.jpg 825w, https:\/\/www.simexitaly.it\/wp-content\/uploads\/2024\/08\/manutenzioni-conversioni002-768x954.jpg 768w\" sizes=\"auto, (max-width: 1208px) 100vw, 1208px\" \/>\t\t\t<\/div>\n<\/div>\n\t<\/div>\n<\/div>\n\t\t\t\t<\/div>\n\t\t\t\t<\/div>\n\t\t\t\t<\/div>\n\t\t\t\t\t<\/div>\n\t\t\t\t<\/div>\n\t\t<div class=\"elementor-element elementor-element-be39322 e-flex e-con-boxed e-con e-parent\" data-id=\"be39322\" data-element_type=\"container\" data-e-type=\"container\" data-settings=\"{&quot;background_background&quot;:&quot;classic&quot;}\">\n\t\t\t\t\t<div class=\"e-con-inner\">\n\t\t<div class=\"elementor-element elementor-element-0d4f67e e-con-full e-flex e-con e-child\" data-id=\"0d4f67e\" data-element_type=\"container\" data-e-type=\"container\">\n\t\t\t\t<div class=\"elementor-element elementor-element-3a10c2e elementor-widget elementor-widget-image\" data-id=\"3a10c2e\" data-element_type=\"widget\" data-e-type=\"widget\" data-widget_type=\"image.default\">\n\t\t\t\t<div class=\"elementor-widget-container\">\n\t\t\t\t\t\t\t\t\t\t\t\t\t\t\t<img loading=\"lazy\" decoding=\"async\" width=\"2000\" height=\"1394\" src=\"https:\/\/www.simexitaly.it\/wp-content\/uploads\/2024\/08\/manutenzioni-conversione-assistenza-post-vendita01.jpg\" class=\"attachment-full size-full wp-image-10904\" alt=\"\" srcset=\"https:\/\/www.simexitaly.it\/wp-content\/uploads\/2024\/08\/manutenzioni-conversione-assistenza-post-vendita01.jpg 2000w, https:\/\/www.simexitaly.it\/wp-content\/uploads\/2024\/08\/manutenzioni-conversione-assistenza-post-vendita01-300x209.jpg 300w, https:\/\/www.simexitaly.it\/wp-content\/uploads\/2024\/08\/manutenzioni-conversione-assistenza-post-vendita01-1024x714.jpg 1024w, https:\/\/www.simexitaly.it\/wp-content\/uploads\/2024\/08\/manutenzioni-conversione-assistenza-post-vendita01-768x535.jpg 768w, https:\/\/www.simexitaly.it\/wp-content\/uploads\/2024\/08\/manutenzioni-conversione-assistenza-post-vendita01-1536x1071.jpg 1536w\" sizes=\"auto, (max-width: 2000px) 100vw, 2000px\" \/>\t\t\t\t\t\t\t\t\t\t\t\t\t\t\t<\/div>\n\t\t\t\t<\/div>\n\t\t\t\t<div class=\"elementor-element elementor-element-1a31ed5 elementor-widget elementor-widget-image\" data-id=\"1a31ed5\" data-element_type=\"widget\" data-e-type=\"widget\" data-widget_type=\"image.default\">\n\t\t\t\t<div class=\"elementor-widget-container\">\n\t\t\t\t\t\t\t\t\t\t\t\t\t\t\t<img loading=\"lazy\" decoding=\"async\" width=\"2000\" height=\"1394\" src=\"https:\/\/www.simexitaly.it\/wp-content\/uploads\/2024\/08\/manutenzioni-conversione-assistenza-post-vendita02.jpg\" class=\"attachment-full size-full wp-image-10901\" alt=\"\" srcset=\"https:\/\/www.simexitaly.it\/wp-content\/uploads\/2024\/08\/manutenzioni-conversione-assistenza-post-vendita02.jpg 2000w, https:\/\/www.simexitaly.it\/wp-content\/uploads\/2024\/08\/manutenzioni-conversione-assistenza-post-vendita02-300x209.jpg 300w, https:\/\/www.simexitaly.it\/wp-content\/uploads\/2024\/08\/manutenzioni-conversione-assistenza-post-vendita02-1024x714.jpg 1024w, https:\/\/www.simexitaly.it\/wp-content\/uploads\/2024\/08\/manutenzioni-conversione-assistenza-post-vendita02-768x535.jpg 768w, https:\/\/www.simexitaly.it\/wp-content\/uploads\/2024\/08\/manutenzioni-conversione-assistenza-post-vendita02-1536x1071.jpg 1536w\" sizes=\"auto, (max-width: 2000px) 100vw, 2000px\" \/>\t\t\t\t\t\t\t\t\t\t\t\t\t\t\t<\/div>\n\t\t\t\t<\/div>\n\t\t\t\t<\/div>\n\t\t\t\t\t<\/div>\n\t\t\t\t<\/div>\n\t\t<div class=\"elementor-element elementor-element-e598b85 e-con-full elementor-hidden-mobile e-flex e-con e-parent\" data-id=\"e598b85\" data-element_type=\"container\" data-e-type=\"container\" data-settings=\"{&quot;background_background&quot;:&quot;classic&quot;}\">\n\t\t\t\t<\/div>\n\t\t<div class=\"elementor-element elementor-element-9f53735 elementor-hidden-mobile e-flex e-con-boxed e-con e-parent\" data-id=\"9f53735\" data-element_type=\"container\" data-e-type=\"container\" data-settings=\"{&quot;background_background&quot;:&quot;classic&quot;}\">\n\t\t\t\t\t<div class=\"e-con-inner\">\n\t\t<div class=\"elementor-element elementor-element-94b63d8 e-con-full e-flex e-con e-child\" data-id=\"94b63d8\" data-element_type=\"container\" data-e-type=\"container\">\n\t\t\t\t<div class=\"elementor-element elementor-element-1f7c31a elementor-widget-mobile__width-initial elementor-widget elementor-widget-image\" data-id=\"1f7c31a\" data-element_type=\"widget\" data-e-type=\"widget\" data-widget_type=\"image.default\">\n\t\t\t\t<div class=\"elementor-widget-container\">\n\t\t\t\t\t\t\t\t\t\t\t\t\t\t\t\t<a href=\"https:\/\/www.simexitaly.it\/fr\/moules-dinjection\/\">\n\t\t\t\t\t\t\t<img decoding=\"async\" src=\"https:\/\/www.simexitaly.it\/wp-content\/uploads\/elementor\/thumbs\/frecce-orizzontali-02-qrvceyvkv69oovbu78aokj74d140v1g7e4v22tlx4w.png\" title=\"frecce orizzontali-02\" alt=\"frecce orizzontali-02\" loading=\"lazy\" \/>\t\t\t\t\t\t\t\t<\/a>\n\t\t\t\t\t\t\t\t\t\t\t\t\t\t\t<\/div>\n\t\t\t\t<\/div>\n\t\t\t\t<div class=\"elementor-element elementor-element-1019aa9 elementor-widget__width-initial elementor-widget elementor-widget-heading\" data-id=\"1019aa9\" data-element_type=\"widget\" data-e-type=\"widget\" data-widget_type=\"heading.default\">\n\t\t\t\t<div class=\"elementor-widget-container\">\n\t\t\t\t\t<h2 class=\"elementor-heading-title elementor-size-default\"><a href=\"https:\/\/www.simexitaly.it\/fr\/bouchons-conteneurs-et-produits-en-plastique\/\">BOUCHONS, CONTENEURS <br>ET PRODUITS EN PLASTIQUE<\/a><\/h2>\t\t\t\t<\/div>\n\t\t\t\t<\/div>\n\t\t\t\t<\/div>\n\t\t<div class=\"elementor-element elementor-element-89ec59f e-con-full e-flex e-con e-child\" data-id=\"89ec59f\" data-element_type=\"container\" data-e-type=\"container\">\n\t\t\t\t<div class=\"elementor-element elementor-element-7106250 elementor-widget__width-initial elementor-widget-laptop__width-initial elementor-widget-tablet_extra__width-initial elementor-widget-tablet__width-initial elementor-widget-mobile_extra__width-initial elementor-widget-mobile__width-initial elementor-widget elementor-widget-heading\" data-id=\"7106250\" data-element_type=\"widget\" data-e-type=\"widget\" data-widget_type=\"heading.default\">\n\t\t\t\t<div class=\"elementor-widget-container\">\n\t\t\t\t\t<h2 class=\"elementor-heading-title elementor-size-default\"><a href=\"https:\/\/www.simexitaly.it\/fr\/conception-et-industrialisation\/\">CONCEPTION<br>ET INDUSTRIALISATION<\/a><\/h2>\t\t\t\t<\/div>\n\t\t\t\t<\/div>\n\t\t\t\t<div class=\"elementor-element elementor-element-f874ca8 elementor-widget-mobile__width-initial elementor-widget elementor-widget-image\" data-id=\"f874ca8\" data-element_type=\"widget\" data-e-type=\"widget\" data-widget_type=\"image.default\">\n\t\t\t\t<div class=\"elementor-widget-container\">\n\t\t\t\t\t\t\t\t\t\t\t\t\t\t\t\t<a href=\"https:\/\/www.simexitaly.it\/fr\/conception-et-industrialisation\/\">\n\t\t\t\t\t\t\t<img decoding=\"async\" src=\"https:\/\/www.simexitaly.it\/wp-content\/uploads\/elementor\/thumbs\/frecce-orizzontali-dx-qrvh9a2494vxpm4scks0yjoe5dygadg8ow4ly35n9c.png\" title=\"frecce orizzontali-dx\" alt=\"frecce orizzontali-dx\" loading=\"lazy\" \/>\t\t\t\t\t\t\t\t<\/a>\n\t\t\t\t\t\t\t\t\t\t\t\t\t\t\t<\/div>\n\t\t\t\t<\/div>\n\t\t\t\t<\/div>\n\t\t\t\t\t<\/div>\n\t\t\t\t<\/div>\n\t\t<div class=\"elementor-element elementor-element-4df1fbd e-con-full elementor-hidden-mobile e-flex e-con e-parent\" data-id=\"4df1fbd\" data-element_type=\"container\" data-e-type=\"container\" data-settings=\"{&quot;background_background&quot;:&quot;classic&quot;}\">\n\t\t\t\t<\/div>\n\t\t\t\t<\/div>\n\t\t","protected":false},"excerpt":{"rendered":"<p>Maintenance, conversions et assistance apr\u00e8s-vente Simex peut fournir le service de restauration et de r\u00e9g\u00e9n\u00e9ration des moules usag\u00e9s. Ce service comprend : la maintenance compl\u00e8te des moules d\u2019injection pour pr\u00e9formes, avec possibilit\u00e9 de fourniture de nouvelles pi\u00e8ces de rechange ; conversion des moules de pr\u00e9formes et adaptation aux nouveaux poids et de nouveaux cols (y [&hellip;]<\/p>\n","protected":false},"author":1,"featured_media":12018,"parent":0,"menu_order":0,"comment_status":"closed","ping_status":"closed","template":"page-full-width.php","meta":{"footnotes":""},"class_list":["post-11800","page","type-page","status-publish","has-post-thumbnail","hentry"],"yoast_head":"<!-- This site is optimized with the Yoast SEO plugin v27.5 - https:\/\/yoast.com\/product\/yoast-seo-wordpress\/ -->\n<title>Maintenance, conversions et assistance apr\u00e8s-vente - Simex | PET MOULDS TECHNOLOGY<\/title>\n<meta name=\"description\" content=\"Simex peut fournir le service de restauration et de r\u00e9g\u00e9n\u00e9ration des moules usag\u00e9s.\" \/>\n<meta name=\"robots\" content=\"index, follow, max-snippet:-1, max-image-preview:large, max-video-preview:-1\" \/>\n<link rel=\"canonical\" href=\"https:\/\/www.simexitaly.it\/fr\/maintenance-conversions-et-assistance-apres-vente\/\" \/>\n<meta property=\"og:locale\" content=\"fr_FR\" \/>\n<meta property=\"og:type\" content=\"article\" \/>\n<meta property=\"og:title\" content=\"Maintenance, conversions et assistance apr\u00e8s-vente - Simex | PET MOULDS TECHNOLOGY\" \/>\n<meta property=\"og:description\" content=\"Simex peut fournir le service de restauration et de r\u00e9g\u00e9n\u00e9ration des moules usag\u00e9s.\" \/>\n<meta property=\"og:url\" content=\"https:\/\/www.simexitaly.it\/fr\/maintenance-conversions-et-assistance-apres-vente\/\" \/>\n<meta property=\"og:site_name\" content=\"Simex | PET MOULDS TECHNOLOGY\" \/>\n<meta property=\"article:modified_time\" content=\"2024-10-08T22:10:06+00:00\" \/>\n<meta property=\"og:image\" content=\"https:\/\/www.simexitaly.it\/wp-content\/uploads\/2024\/10\/manutenzioni-conversioni.jpg\" \/>\n\t<meta property=\"og:image:width\" content=\"600\" \/>\n\t<meta property=\"og:image:height\" content=\"314\" \/>\n\t<meta property=\"og:image:type\" content=\"image\/jpeg\" \/>\n<meta name=\"twitter:card\" content=\"summary_large_image\" \/>\n<meta name=\"twitter:label1\" content=\"Dur\u00e9e de lecture estim\u00e9e\" \/>\n\t<meta name=\"twitter:data1\" content=\"1 minute\" \/>\n<script type=\"application\/ld+json\" class=\"yoast-schema-graph\">{\"@context\":\"https:\\\/\\\/schema.org\",\"@graph\":[{\"@type\":\"WebPage\",\"@id\":\"https:\\\/\\\/www.simexitaly.it\\\/fr\\\/maintenance-conversions-et-assistance-apres-vente\\\/\",\"url\":\"https:\\\/\\\/www.simexitaly.it\\\/fr\\\/maintenance-conversions-et-assistance-apres-vente\\\/\",\"name\":\"Maintenance, conversions et assistance apr\u00e8s-vente - Simex | PET MOULDS TECHNOLOGY\",\"isPartOf\":{\"@id\":\"https:\\\/\\\/www.simexitaly.it\\\/#website\"},\"primaryImageOfPage\":{\"@id\":\"https:\\\/\\\/www.simexitaly.it\\\/fr\\\/maintenance-conversions-et-assistance-apres-vente\\\/#primaryimage\"},\"image\":{\"@id\":\"https:\\\/\\\/www.simexitaly.it\\\/fr\\\/maintenance-conversions-et-assistance-apres-vente\\\/#primaryimage\"},\"thumbnailUrl\":\"https:\\\/\\\/www.simexitaly.it\\\/wp-content\\\/uploads\\\/2024\\\/10\\\/manutenzioni-conversioni.jpg\",\"datePublished\":\"2024-08-05T16:29:35+00:00\",\"dateModified\":\"2024-10-08T22:10:06+00:00\",\"description\":\"Simex peut fournir le service de restauration et de r\u00e9g\u00e9n\u00e9ration des moules usag\u00e9s.\",\"breadcrumb\":{\"@id\":\"https:\\\/\\\/www.simexitaly.it\\\/fr\\\/maintenance-conversions-et-assistance-apres-vente\\\/#breadcrumb\"},\"inLanguage\":\"fr-FR\",\"potentialAction\":[{\"@type\":\"ReadAction\",\"target\":[\"https:\\\/\\\/www.simexitaly.it\\\/fr\\\/maintenance-conversions-et-assistance-apres-vente\\\/\"]}]},{\"@type\":\"ImageObject\",\"inLanguage\":\"fr-FR\",\"@id\":\"https:\\\/\\\/www.simexitaly.it\\\/fr\\\/maintenance-conversions-et-assistance-apres-vente\\\/#primaryimage\",\"url\":\"https:\\\/\\\/www.simexitaly.it\\\/wp-content\\\/uploads\\\/2024\\\/10\\\/manutenzioni-conversioni.jpg\",\"contentUrl\":\"https:\\\/\\\/www.simexitaly.it\\\/wp-content\\\/uploads\\\/2024\\\/10\\\/manutenzioni-conversioni.jpg\",\"width\":600,\"height\":314},{\"@type\":\"BreadcrumbList\",\"@id\":\"https:\\\/\\\/www.simexitaly.it\\\/fr\\\/maintenance-conversions-et-assistance-apres-vente\\\/#breadcrumb\",\"itemListElement\":[{\"@type\":\"ListItem\",\"position\":1,\"name\":\"Home\",\"item\":\"https:\\\/\\\/www.simexitaly.it\\\/fr\\\/home\\\/\"},{\"@type\":\"ListItem\",\"position\":2,\"name\":\"Maintenance, conversions et assistance apr\u00e8s-vente\"}]},{\"@type\":\"WebSite\",\"@id\":\"https:\\\/\\\/www.simexitaly.it\\\/#website\",\"url\":\"https:\\\/\\\/www.simexitaly.it\\\/\",\"name\":\"Simex | PET MOULDS TECHNOLOGY\",\"description\":\"\",\"publisher\":{\"@id\":\"https:\\\/\\\/www.simexitaly.it\\\/#organization\"},\"potentialAction\":[{\"@type\":\"SearchAction\",\"target\":{\"@type\":\"EntryPoint\",\"urlTemplate\":\"https:\\\/\\\/www.simexitaly.it\\\/?s={search_term_string}\"},\"query-input\":{\"@type\":\"PropertyValueSpecification\",\"valueRequired\":true,\"valueName\":\"search_term_string\"}}],\"inLanguage\":\"fr-FR\"},{\"@type\":\"Organization\",\"@id\":\"https:\\\/\\\/www.simexitaly.it\\\/#organization\",\"name\":\"Simex | PET MOULDS TECHNOLOGY\",\"url\":\"https:\\\/\\\/www.simexitaly.it\\\/\",\"logo\":{\"@type\":\"ImageObject\",\"inLanguage\":\"fr-FR\",\"@id\":\"https:\\\/\\\/www.simexitaly.it\\\/#\\\/schema\\\/logo\\\/image\\\/\",\"url\":\"https:\\\/\\\/www.simexitaly.it\\\/wp-content\\\/uploads\\\/2023\\\/11\\\/logo-simex-stickly.png\",\"contentUrl\":\"https:\\\/\\\/www.simexitaly.it\\\/wp-content\\\/uploads\\\/2023\\\/11\\\/logo-simex-stickly.png\",\"width\":291,\"height\":116,\"caption\":\"Simex | PET MOULDS TECHNOLOGY\"},\"image\":{\"@id\":\"https:\\\/\\\/www.simexitaly.it\\\/#\\\/schema\\\/logo\\\/image\\\/\"}}]}<\/script>\n<!-- \/ Yoast SEO plugin. -->","yoast_head_json":{"title":"Maintenance, conversions et assistance apr\u00e8s-vente - Simex | PET MOULDS TECHNOLOGY","description":"Simex peut fournir le service de restauration et de r\u00e9g\u00e9n\u00e9ration des moules usag\u00e9s.","robots":{"index":"index","follow":"follow","max-snippet":"max-snippet:-1","max-image-preview":"max-image-preview:large","max-video-preview":"max-video-preview:-1"},"canonical":"https:\/\/www.simexitaly.it\/fr\/maintenance-conversions-et-assistance-apres-vente\/","og_locale":"fr_FR","og_type":"article","og_title":"Maintenance, conversions et assistance apr\u00e8s-vente - Simex | PET MOULDS TECHNOLOGY","og_description":"Simex peut fournir le service de restauration et de r\u00e9g\u00e9n\u00e9ration des moules usag\u00e9s.","og_url":"https:\/\/www.simexitaly.it\/fr\/maintenance-conversions-et-assistance-apres-vente\/","og_site_name":"Simex | PET MOULDS TECHNOLOGY","article_modified_time":"2024-10-08T22:10:06+00:00","og_image":[{"width":600,"height":314,"url":"https:\/\/www.simexitaly.it\/wp-content\/uploads\/2024\/10\/manutenzioni-conversioni.jpg","type":"image\/jpeg"}],"twitter_card":"summary_large_image","twitter_misc":{"Dur\u00e9e de lecture estim\u00e9e":"1 minute"},"schema":{"@context":"https:\/\/schema.org","@graph":[{"@type":"WebPage","@id":"https:\/\/www.simexitaly.it\/fr\/maintenance-conversions-et-assistance-apres-vente\/","url":"https:\/\/www.simexitaly.it\/fr\/maintenance-conversions-et-assistance-apres-vente\/","name":"Maintenance, conversions et assistance apr\u00e8s-vente - Simex | PET MOULDS TECHNOLOGY","isPartOf":{"@id":"https:\/\/www.simexitaly.it\/#website"},"primaryImageOfPage":{"@id":"https:\/\/www.simexitaly.it\/fr\/maintenance-conversions-et-assistance-apres-vente\/#primaryimage"},"image":{"@id":"https:\/\/www.simexitaly.it\/fr\/maintenance-conversions-et-assistance-apres-vente\/#primaryimage"},"thumbnailUrl":"https:\/\/www.simexitaly.it\/wp-content\/uploads\/2024\/10\/manutenzioni-conversioni.jpg","datePublished":"2024-08-05T16:29:35+00:00","dateModified":"2024-10-08T22:10:06+00:00","description":"Simex peut fournir le service de restauration et de r\u00e9g\u00e9n\u00e9ration des moules usag\u00e9s.","breadcrumb":{"@id":"https:\/\/www.simexitaly.it\/fr\/maintenance-conversions-et-assistance-apres-vente\/#breadcrumb"},"inLanguage":"fr-FR","potentialAction":[{"@type":"ReadAction","target":["https:\/\/www.simexitaly.it\/fr\/maintenance-conversions-et-assistance-apres-vente\/"]}]},{"@type":"ImageObject","inLanguage":"fr-FR","@id":"https:\/\/www.simexitaly.it\/fr\/maintenance-conversions-et-assistance-apres-vente\/#primaryimage","url":"https:\/\/www.simexitaly.it\/wp-content\/uploads\/2024\/10\/manutenzioni-conversioni.jpg","contentUrl":"https:\/\/www.simexitaly.it\/wp-content\/uploads\/2024\/10\/manutenzioni-conversioni.jpg","width":600,"height":314},{"@type":"BreadcrumbList","@id":"https:\/\/www.simexitaly.it\/fr\/maintenance-conversions-et-assistance-apres-vente\/#breadcrumb","itemListElement":[{"@type":"ListItem","position":1,"name":"Home","item":"https:\/\/www.simexitaly.it\/fr\/home\/"},{"@type":"ListItem","position":2,"name":"Maintenance, conversions et assistance apr\u00e8s-vente"}]},{"@type":"WebSite","@id":"https:\/\/www.simexitaly.it\/#website","url":"https:\/\/www.simexitaly.it\/","name":"Simex | PET MOULDS TECHNOLOGY","description":"","publisher":{"@id":"https:\/\/www.simexitaly.it\/#organization"},"potentialAction":[{"@type":"SearchAction","target":{"@type":"EntryPoint","urlTemplate":"https:\/\/www.simexitaly.it\/?s={search_term_string}"},"query-input":{"@type":"PropertyValueSpecification","valueRequired":true,"valueName":"search_term_string"}}],"inLanguage":"fr-FR"},{"@type":"Organization","@id":"https:\/\/www.simexitaly.it\/#organization","name":"Simex | PET MOULDS TECHNOLOGY","url":"https:\/\/www.simexitaly.it\/","logo":{"@type":"ImageObject","inLanguage":"fr-FR","@id":"https:\/\/www.simexitaly.it\/#\/schema\/logo\/image\/","url":"https:\/\/www.simexitaly.it\/wp-content\/uploads\/2023\/11\/logo-simex-stickly.png","contentUrl":"https:\/\/www.simexitaly.it\/wp-content\/uploads\/2023\/11\/logo-simex-stickly.png","width":291,"height":116,"caption":"Simex | PET MOULDS TECHNOLOGY"},"image":{"@id":"https:\/\/www.simexitaly.it\/#\/schema\/logo\/image\/"}}]}},"_links":{"self":[{"href":"https:\/\/www.simexitaly.it\/fr\/wp-json\/wp\/v2\/pages\/11800","targetHints":{"allow":["GET"]}}],"collection":[{"href":"https:\/\/www.simexitaly.it\/fr\/wp-json\/wp\/v2\/pages"}],"about":[{"href":"https:\/\/www.simexitaly.it\/fr\/wp-json\/wp\/v2\/types\/page"}],"author":[{"embeddable":true,"href":"https:\/\/www.simexitaly.it\/fr\/wp-json\/wp\/v2\/users\/1"}],"replies":[{"embeddable":true,"href":"https:\/\/www.simexitaly.it\/fr\/wp-json\/wp\/v2\/comments?post=11800"}],"version-history":[{"count":3,"href":"https:\/\/www.simexitaly.it\/fr\/wp-json\/wp\/v2\/pages\/11800\/revisions"}],"predecessor-version":[{"id":11828,"href":"https:\/\/www.simexitaly.it\/fr\/wp-json\/wp\/v2\/pages\/11800\/revisions\/11828"}],"wp:featuredmedia":[{"embeddable":true,"href":"https:\/\/www.simexitaly.it\/fr\/wp-json\/wp\/v2\/media\/12018"}],"wp:attachment":[{"href":"https:\/\/www.simexitaly.it\/fr\/wp-json\/wp\/v2\/media?parent=11800"}],"curies":[{"name":"wp","href":"https:\/\/api.w.org\/{rel}","templated":true}]}}