{"id":11794,"date":"2024-08-05T16:52:57","date_gmt":"2024-08-05T14:52:57","guid":{"rendered":"https:\/\/www.simexitaly.it\/moules-a-injection\/"},"modified":"2024-10-09T00:11:25","modified_gmt":"2024-10-08T22:11:25","slug":"moules-a-injection","status":"publish","type":"page","link":"https:\/\/www.simexitaly.it\/fr\/moules-a-injection\/","title":{"rendered":"Moules \u00e0 injection"},"content":{"rendered":"\t\t<div data-elementor-type=\"wp-page\" data-elementor-id=\"11794\" class=\"elementor elementor-11794 elementor-10789\" data-elementor-post-type=\"page\">\n\t\t\t\t<div class=\"elementor-element elementor-element-f10795b e-con-full e-flex e-con e-parent\" data-id=\"f10795b\" data-element_type=\"container\" data-e-type=\"container\">\n\t\t\t\t<div class=\"elementor-element elementor-element-64e5c76 elementor--h-position-center elementor--v-position-middle elementor-arrows-position-inside elementor-pagination-position-inside elementor-widget elementor-widget-slides\" data-id=\"64e5c76\" data-element_type=\"widget\" data-e-type=\"widget\" data-settings=\"{&quot;autoplay_speed&quot;:4000,&quot;transition_speed&quot;:1000,&quot;navigation&quot;:&quot;both&quot;,&quot;autoplay&quot;:&quot;yes&quot;,&quot;infinite&quot;:&quot;yes&quot;,&quot;transition&quot;:&quot;slide&quot;}\" data-widget_type=\"slides.default\">\n\t\t\t\t<div class=\"elementor-widget-container\">\n\t\t\t\t\t\t\t\t\t<div class=\"elementor-swiper\">\n\t\t\t\t\t<div class=\"elementor-slides-wrapper elementor-main-swiper swiper\" role=\"region\" aria-roledescription=\"carousel\" aria-label=\"Diapositives\" dir=\"ltr\" data-animation=\"zoomIn\">\n\t\t\t\t<div class=\"swiper-wrapper elementor-slides\">\n\t\t\t\t\t\t\t\t\t\t<div class=\"elementor-repeater-item-69e45da swiper-slide\" role=\"group\" aria-roledescription=\"slide\"><div class=\"swiper-slide-bg\" role=\"img\" aria-label=\"slider-sistemi\"><\/div><div class=\"elementor-background-overlay\"><\/div><div class=\"swiper-slide-inner\" ><div class=\"swiper-slide-contents\"><\/div><\/div><\/div>\t\t\t\t<\/div>\n\t\t\t\t\t\t\t<\/div>\n\t\t\t\t<\/div>\n\t\t\t\t\t\t\t\t<\/div>\n\t\t\t\t<\/div>\n\t\t\t\t<\/div>\n\t\t<div class=\"elementor-element elementor-element-652dbc7 e-flex e-con-boxed e-con e-parent\" data-id=\"652dbc7\" data-element_type=\"container\" data-e-type=\"container\" data-settings=\"{&quot;background_background&quot;:&quot;classic&quot;}\">\n\t\t\t\t\t<div class=\"e-con-inner\">\n\t\t\t\t<div class=\"elementor-element elementor-element-1be362a elementor-widget elementor-widget-heading\" data-id=\"1be362a\" data-element_type=\"widget\" data-e-type=\"widget\" data-widget_type=\"heading.default\">\n\t\t\t\t<div class=\"elementor-widget-container\">\n\t\t\t\t\t<h2 class=\"elementor-heading-title elementor-size-default\">Moules \u00e0 injection<\/h2>\t\t\t\t<\/div>\n\t\t\t\t<\/div>\n\t\t\t\t\t<\/div>\n\t\t\t\t<\/div>\n\t\t<div class=\"elementor-element elementor-element-be39322 e-flex e-con-boxed e-con e-parent\" data-id=\"be39322\" data-element_type=\"container\" data-e-type=\"container\" data-settings=\"{&quot;background_background&quot;:&quot;classic&quot;}\">\n\t\t\t\t\t<div class=\"e-con-inner\">\n\t\t<div class=\"elementor-element elementor-element-0d4f67e e-con-full e-flex e-con e-child\" data-id=\"0d4f67e\" data-element_type=\"container\" data-e-type=\"container\">\n\t\t\t\t<div class=\"elementor-element elementor-element-e1607ad elementor-widget elementor-widget-text-editor\" data-id=\"e1607ad\" data-element_type=\"widget\" data-e-type=\"widget\" data-widget_type=\"text-editor.default\">\n\t\t\t\t<div class=\"elementor-widget-container\">\n\t\t\t\t\t\t\t\t\t<p>Construction de <strong>syst\u00e8mes d\u2019injection avanc\u00e9s pour moules de pr\u00e9formes PET<\/strong>, comprenant des chambres chaudes et des buses d\u2019injection pneumatiques pour le remplissage, avec des capacit\u00e9s allant jusqu\u2019\u00e0 144 cavit\u00e9s. Contr\u00f4le \u00e9lectronique de la temp\u00e9rature pour garantir une gestion pr\u00e9cise du processus d\u2019injection. Gamme compl\u00e8te de services d\u2019<strong>assistance<\/strong> <strong>apr\u00e8s-vente<\/strong> et de <strong>maintenance<\/strong>, qui permet \u00e0 l\u2019entreprise de garantir que les syst\u00e8mes fonctionnent toujours avec des performances maximales et de maintenir des <strong>normes \u00e9lev\u00e9es de qualit\u00e9<\/strong> et fiabilit\u00e9 dans le temps.  <\/p>\n\t\t\t\t\t\t\t\t<\/div>\n\t\t\t\t<\/div>\n\t\t\t\t<\/div>\n\t\t\t\t\t<\/div>\n\t\t\t\t<\/div>\n\t\t<div class=\"elementor-element elementor-element-292446c e-flex e-con-boxed e-con e-parent\" data-id=\"292446c\" data-element_type=\"container\" data-e-type=\"container\" data-settings=\"{&quot;background_background&quot;:&quot;classic&quot;}\">\n\t\t\t\t\t<div class=\"e-con-inner\">\n\t\t<div class=\"elementor-element elementor-element-08fade2 e-con-full e-flex e-con e-child\" data-id=\"08fade2\" data-element_type=\"container\" data-e-type=\"container\">\n\t\t\t\t<div class=\"elementor-element elementor-element-15e2146 elementor-widget elementor-widget-image\" data-id=\"15e2146\" data-element_type=\"widget\" data-e-type=\"widget\" data-widget_type=\"image.default\">\n\t\t\t\t<div class=\"elementor-widget-container\">\n\t\t\t\t\t\t\t\t\t\t\t\t\t\t\t<img loading=\"lazy\" decoding=\"async\" width=\"1000\" height=\"750\" src=\"https:\/\/www.simexitaly.it\/wp-content\/uploads\/2024\/08\/sistemi-di-iniezione-002.jpg\" class=\"attachment-large size-large wp-image-11401\" alt=\"\" srcset=\"https:\/\/www.simexitaly.it\/wp-content\/uploads\/2024\/08\/sistemi-di-iniezione-002.jpg 1000w, https:\/\/www.simexitaly.it\/wp-content\/uploads\/2024\/08\/sistemi-di-iniezione-002-300x225.jpg 300w, https:\/\/www.simexitaly.it\/wp-content\/uploads\/2024\/08\/sistemi-di-iniezione-002-768x576.jpg 768w\" sizes=\"auto, (max-width: 1000px) 100vw, 1000px\" \/>\t\t\t\t\t\t\t\t\t\t\t\t\t\t\t<\/div>\n\t\t\t\t<\/div>\n\t\t\t\t<\/div>\n\t\t<div class=\"elementor-element elementor-element-2552b3e e-con-full e-flex e-con e-child\" data-id=\"2552b3e\" data-element_type=\"container\" data-e-type=\"container\">\n\t\t\t\t<div class=\"elementor-element elementor-element-7a1ab90 elementor-widget elementor-widget-image\" data-id=\"7a1ab90\" data-element_type=\"widget\" data-e-type=\"widget\" data-widget_type=\"image.default\">\n\t\t\t\t<div class=\"elementor-widget-container\">\n\t\t\t\t\t\t\t\t\t\t\t\t\t\t\t<img loading=\"lazy\" decoding=\"async\" width=\"1000\" height=\"750\" src=\"https:\/\/www.simexitaly.it\/wp-content\/uploads\/2024\/08\/sistemi-di-iniezione-001.jpg\" class=\"attachment-large size-large wp-image-11398\" alt=\"\" srcset=\"https:\/\/www.simexitaly.it\/wp-content\/uploads\/2024\/08\/sistemi-di-iniezione-001.jpg 1000w, https:\/\/www.simexitaly.it\/wp-content\/uploads\/2024\/08\/sistemi-di-iniezione-001-300x225.jpg 300w, https:\/\/www.simexitaly.it\/wp-content\/uploads\/2024\/08\/sistemi-di-iniezione-001-768x576.jpg 768w\" sizes=\"auto, (max-width: 1000px) 100vw, 1000px\" \/>\t\t\t\t\t\t\t\t\t\t\t\t\t\t\t<\/div>\n\t\t\t\t<\/div>\n\t\t\t\t<\/div>\n\t\t\t\t\t<\/div>\n\t\t\t\t<\/div>\n\t\t<div class=\"elementor-element elementor-element-e598b85 e-con-full elementor-hidden-mobile e-flex e-con e-parent\" data-id=\"e598b85\" data-element_type=\"container\" data-e-type=\"container\" data-settings=\"{&quot;background_background&quot;:&quot;classic&quot;}\">\n\t\t\t\t<\/div>\n\t\t<div class=\"elementor-element elementor-element-9f53735 elementor-hidden-mobile e-flex e-con-boxed e-con e-parent\" data-id=\"9f53735\" data-element_type=\"container\" data-e-type=\"container\" data-settings=\"{&quot;background_background&quot;:&quot;classic&quot;}\">\n\t\t\t\t\t<div class=\"e-con-inner\">\n\t\t<div class=\"elementor-element elementor-element-94b63d8 e-con-full e-flex e-con e-child\" data-id=\"94b63d8\" data-element_type=\"container\" data-e-type=\"container\">\n\t\t\t\t<div class=\"elementor-element elementor-element-1f7c31a elementor-widget-mobile__width-initial elementor-widget elementor-widget-image\" data-id=\"1f7c31a\" data-element_type=\"widget\" data-e-type=\"widget\" data-widget_type=\"image.default\">\n\t\t\t\t<div class=\"elementor-widget-container\">\n\t\t\t\t\t\t\t\t\t\t\t\t\t\t\t\t<a href=\"https:\/\/www.simexitaly.it\/fr\/moules-dinjection\/\">\n\t\t\t\t\t\t\t<img decoding=\"async\" src=\"https:\/\/www.simexitaly.it\/wp-content\/uploads\/elementor\/thumbs\/frecce-orizzontali-02-qrvceyvkv69oovbu78aokj74d140v1g7e4v22tlx4w.png\" title=\"frecce orizzontali-02\" alt=\"frecce orizzontali-02\" loading=\"lazy\" \/>\t\t\t\t\t\t\t\t<\/a>\n\t\t\t\t\t\t\t\t\t\t\t\t\t\t\t<\/div>\n\t\t\t\t<\/div>\n\t\t\t\t<div class=\"elementor-element elementor-element-1019aa9 elementor-widget__width-initial elementor-widget elementor-widget-heading\" data-id=\"1019aa9\" data-element_type=\"widget\" data-e-type=\"widget\" data-widget_type=\"heading.default\">\n\t\t\t\t<div class=\"elementor-widget-container\">\n\t\t\t\t\t<h2 class=\"elementor-heading-title elementor-size-default\"><a href=\"https:\/\/www.simexitaly.it\/fr\/moules-dinjection\/\">MOULES <br>D\u2019INJECTION<\/a><\/h2>\t\t\t\t<\/div>\n\t\t\t\t<\/div>\n\t\t\t\t<\/div>\n\t\t<div class=\"elementor-element elementor-element-89ec59f e-con-full e-flex e-con e-child\" data-id=\"89ec59f\" data-element_type=\"container\" data-e-type=\"container\">\n\t\t\t\t<div class=\"elementor-element elementor-element-7106250 elementor-widget__width-initial elementor-widget-laptop__width-initial elementor-widget-tablet_extra__width-initial elementor-widget-tablet__width-initial elementor-widget-mobile_extra__width-initial elementor-widget-mobile__width-initial elementor-widget elementor-widget-heading\" data-id=\"7106250\" data-element_type=\"widget\" data-e-type=\"widget\" data-widget_type=\"heading.default\">\n\t\t\t\t<div class=\"elementor-widget-container\">\n\t\t\t\t\t<h2 class=\"elementor-heading-title elementor-size-default\"><a href=\"https:\/\/www.simexitaly.it\/fr\/moules-de-soufflage\/\">MOULES <br>DE SOUFFLAGE<\/a><\/h2>\t\t\t\t<\/div>\n\t\t\t\t<\/div>\n\t\t\t\t<div class=\"elementor-element elementor-element-f874ca8 elementor-widget-mobile__width-initial elementor-widget elementor-widget-image\" data-id=\"f874ca8\" data-element_type=\"widget\" data-e-type=\"widget\" data-widget_type=\"image.default\">\n\t\t\t\t<div class=\"elementor-widget-container\">\n\t\t\t\t\t\t\t\t\t\t\t\t\t\t\t\t<a href=\"https:\/\/www.simexitaly.it\/stampi-di-iniezione\/\">\n\t\t\t\t\t\t\t<img decoding=\"async\" src=\"https:\/\/www.simexitaly.it\/wp-content\/uploads\/elementor\/thumbs\/frecce-orizzontali-dx-qrvh9a2494vxpm4scks0yjoe5dygadg8ow4ly35n9c.png\" title=\"frecce orizzontali-dx\" alt=\"frecce orizzontali-dx\" loading=\"lazy\" \/>\t\t\t\t\t\t\t\t<\/a>\n\t\t\t\t\t\t\t\t\t\t\t\t\t\t\t<\/div>\n\t\t\t\t<\/div>\n\t\t\t\t<\/div>\n\t\t\t\t\t<\/div>\n\t\t\t\t<\/div>\n\t\t<div class=\"elementor-element elementor-element-4df1fbd e-con-full elementor-hidden-mobile e-flex e-con e-parent\" data-id=\"4df1fbd\" data-element_type=\"container\" data-e-type=\"container\" data-settings=\"{&quot;background_background&quot;:&quot;classic&quot;}\">\n\t\t\t\t<\/div>\n\t\t\t\t<\/div>\n\t\t","protected":false},"excerpt":{"rendered":"<p>Moules \u00e0 injection Construction de syst\u00e8mes d\u2019injection avanc\u00e9s pour moules de pr\u00e9formes PET, comprenant des chambres chaudes et des buses d\u2019injection pneumatiques pour le remplissage, avec des capacit\u00e9s allant jusqu\u2019\u00e0 144 cavit\u00e9s. Contr\u00f4le \u00e9lectronique de la temp\u00e9rature pour garantir une gestion pr\u00e9cise du processus d\u2019injection. Gamme compl\u00e8te de services d\u2019assistance apr\u00e8s-vente et de maintenance, qui [&hellip;]<\/p>\n","protected":false},"author":1,"featured_media":12027,"parent":0,"menu_order":0,"comment_status":"closed","ping_status":"closed","template":"page-full-width.php","meta":{"footnotes":""},"class_list":["post-11794","page","type-page","status-publish","has-post-thumbnail","hentry"],"yoast_head":"<!-- This site is optimized with the Yoast SEO plugin v27.5 - https:\/\/yoast.com\/product\/yoast-seo-wordpress\/ -->\n<title>Moules \u00e0 injection - Simex | PET MOULDS TECHNOLOGY<\/title>\n<meta name=\"description\" content=\"Construction de syst\u00e8mes d\u2019injection avanc\u00e9s pour moules de pr\u00e9formes PET comprenant des chambres chaudes et des buses d\u2019injection\" \/>\n<meta name=\"robots\" content=\"index, follow, max-snippet:-1, max-image-preview:large, max-video-preview:-1\" \/>\n<link rel=\"canonical\" href=\"https:\/\/www.simexitaly.it\/fr\/moules-a-injection\/\" \/>\n<meta property=\"og:locale\" content=\"fr_FR\" \/>\n<meta property=\"og:type\" content=\"article\" \/>\n<meta property=\"og:title\" content=\"Moules \u00e0 injection - Simex | PET MOULDS TECHNOLOGY\" \/>\n<meta property=\"og:description\" content=\"Construction de syst\u00e8mes d\u2019injection avanc\u00e9s pour moules de pr\u00e9formes PET comprenant des chambres chaudes et des buses d\u2019injection\" \/>\n<meta property=\"og:url\" content=\"https:\/\/www.simexitaly.it\/fr\/moules-a-injection\/\" \/>\n<meta property=\"og:site_name\" content=\"Simex | PET MOULDS TECHNOLOGY\" \/>\n<meta property=\"article:modified_time\" content=\"2024-10-08T22:11:25+00:00\" \/>\n<meta property=\"og:image\" content=\"https:\/\/www.simexitaly.it\/wp-content\/uploads\/2024\/10\/sistemi-iniezione.jpg\" \/>\n\t<meta property=\"og:image:width\" content=\"600\" \/>\n\t<meta property=\"og:image:height\" content=\"314\" \/>\n\t<meta property=\"og:image:type\" content=\"image\/jpeg\" \/>\n<meta name=\"twitter:card\" content=\"summary_large_image\" \/>\n<meta name=\"twitter:label1\" content=\"Dur\u00e9e de lecture estim\u00e9e\" \/>\n\t<meta name=\"twitter:data1\" content=\"1 minute\" \/>\n<script type=\"application\/ld+json\" class=\"yoast-schema-graph\">{\"@context\":\"https:\\\/\\\/schema.org\",\"@graph\":[{\"@type\":\"WebPage\",\"@id\":\"https:\\\/\\\/www.simexitaly.it\\\/fr\\\/moules-a-injection\\\/\",\"url\":\"https:\\\/\\\/www.simexitaly.it\\\/fr\\\/moules-a-injection\\\/\",\"name\":\"Moules \u00e0 injection - Simex | PET MOULDS TECHNOLOGY\",\"isPartOf\":{\"@id\":\"https:\\\/\\\/www.simexitaly.it\\\/#website\"},\"primaryImageOfPage\":{\"@id\":\"https:\\\/\\\/www.simexitaly.it\\\/fr\\\/moules-a-injection\\\/#primaryimage\"},\"image\":{\"@id\":\"https:\\\/\\\/www.simexitaly.it\\\/fr\\\/moules-a-injection\\\/#primaryimage\"},\"thumbnailUrl\":\"https:\\\/\\\/www.simexitaly.it\\\/wp-content\\\/uploads\\\/2024\\\/10\\\/sistemi-iniezione.jpg\",\"datePublished\":\"2024-08-05T14:52:57+00:00\",\"dateModified\":\"2024-10-08T22:11:25+00:00\",\"description\":\"Construction de syst\u00e8mes d\u2019injection avanc\u00e9s pour moules de pr\u00e9formes PET comprenant des chambres chaudes et des buses d\u2019injection\",\"breadcrumb\":{\"@id\":\"https:\\\/\\\/www.simexitaly.it\\\/fr\\\/moules-a-injection\\\/#breadcrumb\"},\"inLanguage\":\"fr-FR\",\"potentialAction\":[{\"@type\":\"ReadAction\",\"target\":[\"https:\\\/\\\/www.simexitaly.it\\\/fr\\\/moules-a-injection\\\/\"]}]},{\"@type\":\"ImageObject\",\"inLanguage\":\"fr-FR\",\"@id\":\"https:\\\/\\\/www.simexitaly.it\\\/fr\\\/moules-a-injection\\\/#primaryimage\",\"url\":\"https:\\\/\\\/www.simexitaly.it\\\/wp-content\\\/uploads\\\/2024\\\/10\\\/sistemi-iniezione.jpg\",\"contentUrl\":\"https:\\\/\\\/www.simexitaly.it\\\/wp-content\\\/uploads\\\/2024\\\/10\\\/sistemi-iniezione.jpg\",\"width\":600,\"height\":314},{\"@type\":\"BreadcrumbList\",\"@id\":\"https:\\\/\\\/www.simexitaly.it\\\/fr\\\/moules-a-injection\\\/#breadcrumb\",\"itemListElement\":[{\"@type\":\"ListItem\",\"position\":1,\"name\":\"Home\",\"item\":\"https:\\\/\\\/www.simexitaly.it\\\/fr\\\/home\\\/\"},{\"@type\":\"ListItem\",\"position\":2,\"name\":\"Moules \u00e0 injection\"}]},{\"@type\":\"WebSite\",\"@id\":\"https:\\\/\\\/www.simexitaly.it\\\/#website\",\"url\":\"https:\\\/\\\/www.simexitaly.it\\\/\",\"name\":\"Simex | PET MOULDS TECHNOLOGY\",\"description\":\"\",\"publisher\":{\"@id\":\"https:\\\/\\\/www.simexitaly.it\\\/#organization\"},\"potentialAction\":[{\"@type\":\"SearchAction\",\"target\":{\"@type\":\"EntryPoint\",\"urlTemplate\":\"https:\\\/\\\/www.simexitaly.it\\\/?s={search_term_string}\"},\"query-input\":{\"@type\":\"PropertyValueSpecification\",\"valueRequired\":true,\"valueName\":\"search_term_string\"}}],\"inLanguage\":\"fr-FR\"},{\"@type\":\"Organization\",\"@id\":\"https:\\\/\\\/www.simexitaly.it\\\/#organization\",\"name\":\"Simex | PET MOULDS TECHNOLOGY\",\"url\":\"https:\\\/\\\/www.simexitaly.it\\\/\",\"logo\":{\"@type\":\"ImageObject\",\"inLanguage\":\"fr-FR\",\"@id\":\"https:\\\/\\\/www.simexitaly.it\\\/#\\\/schema\\\/logo\\\/image\\\/\",\"url\":\"https:\\\/\\\/www.simexitaly.it\\\/wp-content\\\/uploads\\\/2023\\\/11\\\/logo-simex-stickly.png\",\"contentUrl\":\"https:\\\/\\\/www.simexitaly.it\\\/wp-content\\\/uploads\\\/2023\\\/11\\\/logo-simex-stickly.png\",\"width\":291,\"height\":116,\"caption\":\"Simex | PET MOULDS TECHNOLOGY\"},\"image\":{\"@id\":\"https:\\\/\\\/www.simexitaly.it\\\/#\\\/schema\\\/logo\\\/image\\\/\"}}]}<\/script>\n<!-- \/ Yoast SEO plugin. -->","yoast_head_json":{"title":"Moules \u00e0 injection - Simex | PET MOULDS TECHNOLOGY","description":"Construction de syst\u00e8mes d\u2019injection avanc\u00e9s pour moules de pr\u00e9formes PET comprenant des chambres chaudes et des buses d\u2019injection","robots":{"index":"index","follow":"follow","max-snippet":"max-snippet:-1","max-image-preview":"max-image-preview:large","max-video-preview":"max-video-preview:-1"},"canonical":"https:\/\/www.simexitaly.it\/fr\/moules-a-injection\/","og_locale":"fr_FR","og_type":"article","og_title":"Moules \u00e0 injection - Simex | PET MOULDS TECHNOLOGY","og_description":"Construction de syst\u00e8mes d\u2019injection avanc\u00e9s pour moules de pr\u00e9formes PET comprenant des chambres chaudes et des buses d\u2019injection","og_url":"https:\/\/www.simexitaly.it\/fr\/moules-a-injection\/","og_site_name":"Simex | PET MOULDS TECHNOLOGY","article_modified_time":"2024-10-08T22:11:25+00:00","og_image":[{"width":600,"height":314,"url":"https:\/\/www.simexitaly.it\/wp-content\/uploads\/2024\/10\/sistemi-iniezione.jpg","type":"image\/jpeg"}],"twitter_card":"summary_large_image","twitter_misc":{"Dur\u00e9e de lecture estim\u00e9e":"1 minute"},"schema":{"@context":"https:\/\/schema.org","@graph":[{"@type":"WebPage","@id":"https:\/\/www.simexitaly.it\/fr\/moules-a-injection\/","url":"https:\/\/www.simexitaly.it\/fr\/moules-a-injection\/","name":"Moules \u00e0 injection - Simex | PET MOULDS TECHNOLOGY","isPartOf":{"@id":"https:\/\/www.simexitaly.it\/#website"},"primaryImageOfPage":{"@id":"https:\/\/www.simexitaly.it\/fr\/moules-a-injection\/#primaryimage"},"image":{"@id":"https:\/\/www.simexitaly.it\/fr\/moules-a-injection\/#primaryimage"},"thumbnailUrl":"https:\/\/www.simexitaly.it\/wp-content\/uploads\/2024\/10\/sistemi-iniezione.jpg","datePublished":"2024-08-05T14:52:57+00:00","dateModified":"2024-10-08T22:11:25+00:00","description":"Construction de syst\u00e8mes d\u2019injection avanc\u00e9s pour moules de pr\u00e9formes PET comprenant des chambres chaudes et des buses d\u2019injection","breadcrumb":{"@id":"https:\/\/www.simexitaly.it\/fr\/moules-a-injection\/#breadcrumb"},"inLanguage":"fr-FR","potentialAction":[{"@type":"ReadAction","target":["https:\/\/www.simexitaly.it\/fr\/moules-a-injection\/"]}]},{"@type":"ImageObject","inLanguage":"fr-FR","@id":"https:\/\/www.simexitaly.it\/fr\/moules-a-injection\/#primaryimage","url":"https:\/\/www.simexitaly.it\/wp-content\/uploads\/2024\/10\/sistemi-iniezione.jpg","contentUrl":"https:\/\/www.simexitaly.it\/wp-content\/uploads\/2024\/10\/sistemi-iniezione.jpg","width":600,"height":314},{"@type":"BreadcrumbList","@id":"https:\/\/www.simexitaly.it\/fr\/moules-a-injection\/#breadcrumb","itemListElement":[{"@type":"ListItem","position":1,"name":"Home","item":"https:\/\/www.simexitaly.it\/fr\/home\/"},{"@type":"ListItem","position":2,"name":"Moules \u00e0 injection"}]},{"@type":"WebSite","@id":"https:\/\/www.simexitaly.it\/#website","url":"https:\/\/www.simexitaly.it\/","name":"Simex | PET MOULDS TECHNOLOGY","description":"","publisher":{"@id":"https:\/\/www.simexitaly.it\/#organization"},"potentialAction":[{"@type":"SearchAction","target":{"@type":"EntryPoint","urlTemplate":"https:\/\/www.simexitaly.it\/?s={search_term_string}"},"query-input":{"@type":"PropertyValueSpecification","valueRequired":true,"valueName":"search_term_string"}}],"inLanguage":"fr-FR"},{"@type":"Organization","@id":"https:\/\/www.simexitaly.it\/#organization","name":"Simex | PET MOULDS TECHNOLOGY","url":"https:\/\/www.simexitaly.it\/","logo":{"@type":"ImageObject","inLanguage":"fr-FR","@id":"https:\/\/www.simexitaly.it\/#\/schema\/logo\/image\/","url":"https:\/\/www.simexitaly.it\/wp-content\/uploads\/2023\/11\/logo-simex-stickly.png","contentUrl":"https:\/\/www.simexitaly.it\/wp-content\/uploads\/2023\/11\/logo-simex-stickly.png","width":291,"height":116,"caption":"Simex | PET MOULDS TECHNOLOGY"},"image":{"@id":"https:\/\/www.simexitaly.it\/#\/schema\/logo\/image\/"}}]}},"_links":{"self":[{"href":"https:\/\/www.simexitaly.it\/fr\/wp-json\/wp\/v2\/pages\/11794","targetHints":{"allow":["GET"]}}],"collection":[{"href":"https:\/\/www.simexitaly.it\/fr\/wp-json\/wp\/v2\/pages"}],"about":[{"href":"https:\/\/www.simexitaly.it\/fr\/wp-json\/wp\/v2\/types\/page"}],"author":[{"embeddable":true,"href":"https:\/\/www.simexitaly.it\/fr\/wp-json\/wp\/v2\/users\/1"}],"replies":[{"embeddable":true,"href":"https:\/\/www.simexitaly.it\/fr\/wp-json\/wp\/v2\/comments?post=11794"}],"version-history":[{"count":7,"href":"https:\/\/www.simexitaly.it\/fr\/wp-json\/wp\/v2\/pages\/11794\/revisions"}],"predecessor-version":[{"id":11996,"href":"https:\/\/www.simexitaly.it\/fr\/wp-json\/wp\/v2\/pages\/11794\/revisions\/11996"}],"wp:featuredmedia":[{"embeddable":true,"href":"https:\/\/www.simexitaly.it\/fr\/wp-json\/wp\/v2\/media\/12027"}],"wp:attachment":[{"href":"https:\/\/www.simexitaly.it\/fr\/wp-json\/wp\/v2\/media?parent=11794"}],"curies":[{"name":"wp","href":"https:\/\/api.w.org\/{rel}","templated":true}]}}