{"id":11790,"date":"2024-08-05T16:58:36","date_gmt":"2024-08-05T14:58:36","guid":{"rendered":"https:\/\/www.simexitaly.it\/moules-de-soufflage\/"},"modified":"2024-10-09T00:12:07","modified_gmt":"2024-10-08T22:12:07","slug":"moules-de-soufflage","status":"publish","type":"page","link":"https:\/\/www.simexitaly.it\/fr\/moules-de-soufflage\/","title":{"rendered":"Moules de soufflage"},"content":{"rendered":"\t\t<div data-elementor-type=\"wp-page\" data-elementor-id=\"11790\" class=\"elementor elementor-11790 elementor-10795\" data-elementor-post-type=\"page\">\n\t\t\t\t<div class=\"elementor-element elementor-element-f10795b e-con-full e-flex e-con e-parent\" data-id=\"f10795b\" data-element_type=\"container\" data-e-type=\"container\">\n\t\t\t\t<div class=\"elementor-element elementor-element-aface51 elementor-hidden-mobile elementor-widget elementor-widget-video\" data-id=\"aface51\" data-element_type=\"widget\" data-e-type=\"widget\" data-settings=\"{&quot;video_type&quot;:&quot;hosted&quot;,&quot;autoplay&quot;:&quot;yes&quot;,&quot;mute&quot;:&quot;yes&quot;,&quot;loop&quot;:&quot;yes&quot;}\" data-widget_type=\"video.default\">\n\t\t\t\t<div class=\"elementor-widget-container\">\n\t\t\t\t\t\t\t<div class=\"e-hosted-video elementor-wrapper elementor-open-inline\">\n\t\t\t\t\t<video class=\"elementor-video\" src=\"https:\/\/www.simexitaly.it\/wp-content\/uploads\/2024\/08\/stampi-di-soffiaggio.mp4\" autoplay=\"\" loop=\"\" muted=\"muted\" controlsList=\"nodownload\"><\/video>\n\t\t\t\t<\/div>\n\t\t\t\t\t\t<\/div>\n\t\t\t\t<\/div>\n\t\t\t\t<div class=\"elementor-element elementor-element-5403682 elementor-hidden-widescreen elementor-hidden-desktop elementor-hidden-laptop elementor-hidden-tablet_extra elementor-hidden-tablet elementor-hidden-mobile_extra elementor-widget elementor-widget-video\" data-id=\"5403682\" data-element_type=\"widget\" data-e-type=\"widget\" data-settings=\"{&quot;video_type&quot;:&quot;hosted&quot;,&quot;autoplay&quot;:&quot;yes&quot;,&quot;mute&quot;:&quot;yes&quot;,&quot;loop&quot;:&quot;yes&quot;,&quot;play_on_mobile&quot;:&quot;yes&quot;}\" data-widget_type=\"video.default\">\n\t\t\t\t<div class=\"elementor-widget-container\">\n\t\t\t\t\t\t\t<div class=\"e-hosted-video elementor-wrapper elementor-open-inline\">\n\t\t\t\t\t<video class=\"elementor-video\" src=\"https:\/\/www.simexitaly.it\/wp-content\/uploads\/2024\/08\/stampi-di-soffiaggio.mp4\" autoplay=\"\" loop=\"\" muted=\"muted\" playsinline=\"\" controlsList=\"nodownload\"><\/video>\n\t\t\t\t<\/div>\n\t\t\t\t\t\t<\/div>\n\t\t\t\t<\/div>\n\t\t\t\t<\/div>\n\t\t<div class=\"elementor-element elementor-element-652dbc7 e-flex e-con-boxed e-con e-parent\" data-id=\"652dbc7\" data-element_type=\"container\" data-e-type=\"container\" data-settings=\"{&quot;background_background&quot;:&quot;classic&quot;}\">\n\t\t\t\t\t<div class=\"e-con-inner\">\n\t\t\t\t<div class=\"elementor-element elementor-element-1be362a elementor-widget elementor-widget-heading\" data-id=\"1be362a\" data-element_type=\"widget\" data-e-type=\"widget\" data-widget_type=\"heading.default\">\n\t\t\t\t<div class=\"elementor-widget-container\">\n\t\t\t\t\t<h2 class=\"elementor-heading-title elementor-size-default\">MOULES DE SOFFLAGE<\/h2>\t\t\t\t<\/div>\n\t\t\t\t<\/div>\n\t\t\t\t\t<\/div>\n\t\t\t\t<\/div>\n\t\t<div class=\"elementor-element elementor-element-be39322 e-flex e-con-boxed e-con e-parent\" data-id=\"be39322\" data-element_type=\"container\" data-e-type=\"container\" data-settings=\"{&quot;background_background&quot;:&quot;classic&quot;}\">\n\t\t\t\t\t<div class=\"e-con-inner\">\n\t\t<div class=\"elementor-element elementor-element-0d4f67e e-con-full e-flex e-con e-child\" data-id=\"0d4f67e\" data-element_type=\"container\" data-e-type=\"container\">\n\t\t\t\t<div class=\"elementor-element elementor-element-e1607ad elementor-widget elementor-widget-text-editor\" data-id=\"e1607ad\" data-element_type=\"widget\" data-e-type=\"widget\" data-widget_type=\"text-editor.default\">\n\t\t\t\t<div class=\"elementor-widget-container\">\n\t\t\t\t\t\t\t\t\t<p>Moules de soufflage pour machines PET \u00e0 simple et double \u00e9tage et\/ou pour machines d\u2019extrusion et de soufflage, avec <strong>possibilit\u00e9 de<\/strong> cr\u00e9er un <strong>moule pilote <\/strong>et\/ou avanc\u00e9 en s\u00e9rie et de r\u00e9aliser une production en petits lots du r\u00e9cipient final avant approbation finale par le client. Conteneurs produits avec des machines de laboratoire, capables de <strong>simuler<\/strong> au mieux <strong>les conditions r\u00e9elles<\/strong> de la machine de production. Moules de production enti\u00e8rement r\u00e9alis\u00e9s dans les d\u00e9partements de production SIMEX pour garantir un <strong>maximum confidentialit\u00e9<\/strong> du projet jusqu\u2019\u00e0 sa mise sur le march\u00e9 et construit dans le plus grand respect des <strong>normes d\u2019origine<\/strong>, utilisant des mat\u00e9riaux s\u00e9lectionn\u00e9s et trait\u00e9s \u00e0 l\u2019aide de machines \u00e0 commande num\u00e9rique de derni\u00e8re g\u00e9n\u00e9ration. <\/p>\n\t\t\t\t\t\t\t\t<\/div>\n\t\t\t\t<\/div>\n\t\t\t\t<div class=\"elementor-element elementor-element-ba2eb75 elementor-widget elementor-widget-image\" data-id=\"ba2eb75\" data-element_type=\"widget\" data-e-type=\"widget\" data-widget_type=\"image.default\">\n\t\t\t\t<div class=\"elementor-widget-container\">\n\t\t\t\t\t\t\t\t\t\t\t\t\t\t\t<img loading=\"lazy\" decoding=\"async\" width=\"2000\" height=\"1253\" src=\"https:\/\/www.simexitaly.it\/wp-content\/uploads\/2024\/08\/stampi-di-soffiaggio.jpg\" class=\"attachment-full size-full wp-image-10811\" alt=\"\" srcset=\"https:\/\/www.simexitaly.it\/wp-content\/uploads\/2024\/08\/stampi-di-soffiaggio.jpg 2000w, https:\/\/www.simexitaly.it\/wp-content\/uploads\/2024\/08\/stampi-di-soffiaggio-300x188.jpg 300w, https:\/\/www.simexitaly.it\/wp-content\/uploads\/2024\/08\/stampi-di-soffiaggio-1024x642.jpg 1024w, https:\/\/www.simexitaly.it\/wp-content\/uploads\/2024\/08\/stampi-di-soffiaggio-768x481.jpg 768w, https:\/\/www.simexitaly.it\/wp-content\/uploads\/2024\/08\/stampi-di-soffiaggio-1536x962.jpg 1536w\" sizes=\"auto, (max-width: 2000px) 100vw, 2000px\" \/>\t\t\t\t\t\t\t\t\t\t\t\t\t\t\t<\/div>\n\t\t\t\t<\/div>\n\t\t\t\t<\/div>\n\t\t\t\t\t<\/div>\n\t\t\t\t<\/div>\n\t\t<div class=\"elementor-element elementor-element-c555271 e-flex e-con-boxed e-con e-parent\" data-id=\"c555271\" data-element_type=\"container\" data-e-type=\"container\" data-settings=\"{&quot;background_background&quot;:&quot;classic&quot;}\">\n\t\t\t\t\t<div class=\"e-con-inner\">\n\t\t<div class=\"elementor-element elementor-element-47ac2c2 e-con-full e-flex e-con e-child\" data-id=\"47ac2c2\" data-element_type=\"container\" data-e-type=\"container\">\n\t\t\t\t<div class=\"elementor-element elementor-element-bf1f68c elementor-widget elementor-widget-qi_addons_for_elementor_image_gallery_pinterest\" data-id=\"bf1f68c\" data-element_type=\"widget\" data-e-type=\"widget\" data-widget_type=\"qi_addons_for_elementor_image_gallery_pinterest.default\">\n\t\t\t\t<div class=\"elementor-widget-container\">\n\t\t\t\t\t<div class=\"qodef-shortcode qodef-m qodef-qi-image-gallery-pinterest qodef-qi-grid qodef-layout--qi-masonry qodef-col-num--2 qodef-responsive--predefined\">\n\t<div class=\"qodef-grid-inner\">\n\t\t\t<div class=\"qodef-qi-grid-masonry-sizer\"><\/div>\n<div class=\"qodef-e qodef-image-wrapper qodef-grid-item\">\n\t<div class=\"qodef-e-inner\">\n\t\t\t\t\t<img loading=\"lazy\" decoding=\"async\" width=\"1000\" height=\"1500\" src=\"https:\/\/www.simexitaly.it\/wp-content\/uploads\/2024\/08\/immagine-per-pagina-0.jpg\" class=\"attachment-full size-full\" alt=\"\" srcset=\"https:\/\/www.simexitaly.it\/wp-content\/uploads\/2024\/08\/immagine-per-pagina-0.jpg 1000w, https:\/\/www.simexitaly.it\/wp-content\/uploads\/2024\/08\/immagine-per-pagina-0-200x300.jpg 200w, https:\/\/www.simexitaly.it\/wp-content\/uploads\/2024\/08\/immagine-per-pagina-0-683x1024.jpg 683w, https:\/\/www.simexitaly.it\/wp-content\/uploads\/2024\/08\/immagine-per-pagina-0-768x1152.jpg 768w\" sizes=\"auto, (max-width: 1000px) 100vw, 1000px\" \/>\t\t\t<\/div>\n<\/div>\n<div class=\"qodef-e qodef-image-wrapper qodef-grid-item\">\n\t<div class=\"qodef-e-inner\">\n\t\t\t\t\t<img loading=\"lazy\" decoding=\"async\" width=\"1490\" height=\"1500\" src=\"https:\/\/www.simexitaly.it\/wp-content\/uploads\/2024\/08\/immagine-per-pagina-1-1.jpg\" class=\"attachment-full size-full\" alt=\"\" srcset=\"https:\/\/www.simexitaly.it\/wp-content\/uploads\/2024\/08\/immagine-per-pagina-1-1.jpg 1490w, https:\/\/www.simexitaly.it\/wp-content\/uploads\/2024\/08\/immagine-per-pagina-1-1-298x300.jpg 298w, https:\/\/www.simexitaly.it\/wp-content\/uploads\/2024\/08\/immagine-per-pagina-1-1-1017x1024.jpg 1017w, https:\/\/www.simexitaly.it\/wp-content\/uploads\/2024\/08\/immagine-per-pagina-1-1-150x150.jpg 150w, https:\/\/www.simexitaly.it\/wp-content\/uploads\/2024\/08\/immagine-per-pagina-1-1-768x773.jpg 768w\" sizes=\"auto, (max-width: 1490px) 100vw, 1490px\" \/>\t\t\t<\/div>\n<\/div>\n<div class=\"qodef-e qodef-image-wrapper qodef-grid-item\">\n\t<div class=\"qodef-e-inner\">\n\t\t\t\t\t<img loading=\"lazy\" decoding=\"async\" width=\"950\" height=\"1500\" src=\"https:\/\/www.simexitaly.it\/wp-content\/uploads\/2024\/08\/immagine-per-pagina-2-1.jpg\" class=\"attachment-full size-full\" alt=\"\" srcset=\"https:\/\/www.simexitaly.it\/wp-content\/uploads\/2024\/08\/immagine-per-pagina-2-1.jpg 950w, https:\/\/www.simexitaly.it\/wp-content\/uploads\/2024\/08\/immagine-per-pagina-2-1-190x300.jpg 190w, https:\/\/www.simexitaly.it\/wp-content\/uploads\/2024\/08\/immagine-per-pagina-2-1-649x1024.jpg 649w, https:\/\/www.simexitaly.it\/wp-content\/uploads\/2024\/08\/immagine-per-pagina-2-1-768x1213.jpg 768w\" sizes=\"auto, (max-width: 950px) 100vw, 950px\" \/>\t\t\t<\/div>\n<\/div>\n<div class=\"qodef-e qodef-image-wrapper qodef-grid-item\">\n\t<div class=\"qodef-e-inner\">\n\t\t\t\t\t<img loading=\"lazy\" decoding=\"async\" width=\"2180\" height=\"1500\" src=\"https:\/\/www.simexitaly.it\/wp-content\/uploads\/2024\/08\/immagine-per-pagina-3-1.jpg\" class=\"attachment-full size-full\" alt=\"\" srcset=\"https:\/\/www.simexitaly.it\/wp-content\/uploads\/2024\/08\/immagine-per-pagina-3-1.jpg 2180w, https:\/\/www.simexitaly.it\/wp-content\/uploads\/2024\/08\/immagine-per-pagina-3-1-300x206.jpg 300w, https:\/\/www.simexitaly.it\/wp-content\/uploads\/2024\/08\/immagine-per-pagina-3-1-1024x705.jpg 1024w, https:\/\/www.simexitaly.it\/wp-content\/uploads\/2024\/08\/immagine-per-pagina-3-1-768x528.jpg 768w, https:\/\/www.simexitaly.it\/wp-content\/uploads\/2024\/08\/immagine-per-pagina-3-1-1536x1057.jpg 1536w, https:\/\/www.simexitaly.it\/wp-content\/uploads\/2024\/08\/immagine-per-pagina-3-1-2048x1409.jpg 2048w\" sizes=\"auto, (max-width: 2180px) 100vw, 2180px\" \/>\t\t\t<\/div>\n<\/div>\n\t<\/div>\n<\/div>\n\t\t\t\t<\/div>\n\t\t\t\t<\/div>\n\t\t\t\t<\/div>\n\t\t\t\t\t<\/div>\n\t\t\t\t<\/div>\n\t\t<div class=\"elementor-element elementor-element-e598b85 e-con-full elementor-hidden-mobile e-flex e-con e-parent\" data-id=\"e598b85\" data-element_type=\"container\" data-e-type=\"container\" data-settings=\"{&quot;background_background&quot;:&quot;classic&quot;}\">\n\t\t\t\t<\/div>\n\t\t<div class=\"elementor-element elementor-element-9f53735 elementor-hidden-mobile e-flex e-con-boxed e-con e-parent\" data-id=\"9f53735\" data-element_type=\"container\" data-e-type=\"container\" data-settings=\"{&quot;background_background&quot;:&quot;classic&quot;}\">\n\t\t\t\t\t<div class=\"e-con-inner\">\n\t\t<div class=\"elementor-element elementor-element-94b63d8 e-con-full e-flex e-con e-child\" data-id=\"94b63d8\" data-element_type=\"container\" data-e-type=\"container\">\n\t\t\t\t<div class=\"elementor-element elementor-element-1f7c31a elementor-widget-mobile__width-initial elementor-widget elementor-widget-image\" data-id=\"1f7c31a\" data-element_type=\"widget\" data-e-type=\"widget\" data-widget_type=\"image.default\">\n\t\t\t\t<div class=\"elementor-widget-container\">\n\t\t\t\t\t\t\t\t\t\t\t\t\t\t\t\t<a href=\"https:\/\/www.simexitaly.it\/fr\/moules-a-injection\/\">\n\t\t\t\t\t\t\t<img decoding=\"async\" src=\"https:\/\/www.simexitaly.it\/wp-content\/uploads\/elementor\/thumbs\/frecce-orizzontali-02-qrvceyvkv69oovbu78aokj74d140v1g7e4v22tlx4w.png\" title=\"frecce orizzontali-02\" alt=\"frecce orizzontali-02\" loading=\"lazy\" \/>\t\t\t\t\t\t\t\t<\/a>\n\t\t\t\t\t\t\t\t\t\t\t\t\t\t\t<\/div>\n\t\t\t\t<\/div>\n\t\t\t\t<div class=\"elementor-element elementor-element-1019aa9 elementor-widget__width-initial elementor-widget elementor-widget-heading\" data-id=\"1019aa9\" data-element_type=\"widget\" data-e-type=\"widget\" data-widget_type=\"heading.default\">\n\t\t\t\t<div class=\"elementor-widget-container\">\n\t\t\t\t\t<h2 class=\"elementor-heading-title elementor-size-default\"><a href=\"https:\/\/www.simexitaly.it\/fr\/moules-a-injection\/\">MOULES <br>D\u2019INJECTION<\/a><\/h2>\t\t\t\t<\/div>\n\t\t\t\t<\/div>\n\t\t\t\t<\/div>\n\t\t<div class=\"elementor-element elementor-element-89ec59f e-con-full e-flex e-con e-child\" data-id=\"89ec59f\" data-element_type=\"container\" data-e-type=\"container\">\n\t\t\t\t<div class=\"elementor-element elementor-element-7106250 elementor-widget__width-initial elementor-widget-laptop__width-initial elementor-widget-tablet_extra__width-initial elementor-widget-tablet__width-initial elementor-widget-mobile_extra__width-initial elementor-widget-mobile__width-initial elementor-widget elementor-widget-heading\" data-id=\"7106250\" data-element_type=\"widget\" data-e-type=\"widget\" data-widget_type=\"heading.default\">\n\t\t\t\t<div class=\"elementor-widget-container\">\n\t\t\t\t\t<h2 class=\"elementor-heading-title elementor-size-default\"><a href=\"https:\/\/www.simexitaly.it\/fr\/bouchons-conteneurs-et-produits-en-plastique\/\">BOUCHONS, CONTENEURS <br>ET PRODUITS EN PLASTIQUE<\/a><\/h2>\t\t\t\t<\/div>\n\t\t\t\t<\/div>\n\t\t\t\t<div class=\"elementor-element elementor-element-f874ca8 elementor-widget-mobile__width-initial elementor-widget elementor-widget-image\" data-id=\"f874ca8\" data-element_type=\"widget\" data-e-type=\"widget\" data-widget_type=\"image.default\">\n\t\t\t\t<div class=\"elementor-widget-container\">\n\t\t\t\t\t\t\t\t\t\t\t\t\t\t\t\t<a href=\"https:\/\/www.simexitaly.it\/fr\/bouchons-conteneurs-et-produits-en-plastique\/\">\n\t\t\t\t\t\t\t<img decoding=\"async\" src=\"https:\/\/www.simexitaly.it\/wp-content\/uploads\/elementor\/thumbs\/frecce-orizzontali-dx-qrvh9a2494vxpm4scks0yjoe5dygadg8ow4ly35n9c.png\" title=\"frecce orizzontali-dx\" alt=\"frecce orizzontali-dx\" loading=\"lazy\" \/>\t\t\t\t\t\t\t\t<\/a>\n\t\t\t\t\t\t\t\t\t\t\t\t\t\t\t<\/div>\n\t\t\t\t<\/div>\n\t\t\t\t<\/div>\n\t\t\t\t\t<\/div>\n\t\t\t\t<\/div>\n\t\t<div class=\"elementor-element elementor-element-4df1fbd e-con-full elementor-hidden-mobile e-flex e-con e-parent\" data-id=\"4df1fbd\" data-element_type=\"container\" data-e-type=\"container\" data-settings=\"{&quot;background_background&quot;:&quot;classic&quot;}\">\n\t\t\t\t<\/div>\n\t\t\t\t<\/div>\n\t\t","protected":false},"excerpt":{"rendered":"<p>https:\/\/www.simexitaly.it\/wp-content\/uploads\/2024\/08\/stampi-di-soffiaggio.mp4https:\/\/www.simexitaly.it\/wp-content\/uploads\/2024\/08\/stampi-di-soffiaggio.mp4 MOULES DE SOFFLAGE Moules de soufflage pour machines PET \u00e0 simple et double \u00e9tage et\/ou pour machines d\u2019extrusion et de soufflage, avec possibilit\u00e9 de cr\u00e9er un moule pilote et\/ou avanc\u00e9 en s\u00e9rie et de r\u00e9aliser une production en petits lots du r\u00e9cipient final avant approbation finale par le client. Conteneurs produits avec des machines [&hellip;]<\/p>\n","protected":false},"author":1,"featured_media":12033,"parent":0,"menu_order":0,"comment_status":"closed","ping_status":"closed","template":"page-full-width.php","meta":{"footnotes":""},"class_list":["post-11790","page","type-page","status-publish","has-post-thumbnail","hentry"],"yoast_head":"<!-- This site is optimized with the Yoast SEO plugin v27.5 - https:\/\/yoast.com\/product\/yoast-seo-wordpress\/ -->\n<title>Moules de soufflage - Simex | PET MOULDS TECHNOLOGY<\/title>\n<meta name=\"description\" content=\"Moules de soufflage pour machines PET \u00e0 simple et double \u00e9tage et\/ou pour machines d\u2019extrusion et de soufflage, avec possibilit\u00e9 de cr\u00e9er...\" \/>\n<meta name=\"robots\" content=\"index, follow, max-snippet:-1, max-image-preview:large, max-video-preview:-1\" \/>\n<link rel=\"canonical\" href=\"https:\/\/www.simexitaly.it\/fr\/moules-de-soufflage\/\" \/>\n<meta property=\"og:locale\" content=\"fr_FR\" \/>\n<meta property=\"og:type\" content=\"article\" \/>\n<meta property=\"og:title\" content=\"Moules de soufflage - Simex | PET MOULDS TECHNOLOGY\" \/>\n<meta property=\"og:description\" content=\"Moules de soufflage pour machines PET \u00e0 simple et double \u00e9tage et\/ou pour machines d\u2019extrusion et de soufflage, avec possibilit\u00e9 de cr\u00e9er...\" \/>\n<meta property=\"og:url\" content=\"https:\/\/www.simexitaly.it\/fr\/moules-de-soufflage\/\" \/>\n<meta property=\"og:site_name\" content=\"Simex | PET MOULDS TECHNOLOGY\" \/>\n<meta property=\"article:modified_time\" content=\"2024-10-08T22:12:07+00:00\" \/>\n<meta property=\"og:image\" content=\"https:\/\/www.simexitaly.it\/wp-content\/uploads\/2024\/10\/stampi-di-soffiaggio.jpg\" \/>\n\t<meta property=\"og:image:width\" content=\"600\" \/>\n\t<meta property=\"og:image:height\" content=\"314\" \/>\n\t<meta property=\"og:image:type\" content=\"image\/jpeg\" \/>\n<meta name=\"twitter:card\" content=\"summary_large_image\" \/>\n<meta name=\"twitter:label1\" content=\"Dur\u00e9e de lecture estim\u00e9e\" \/>\n\t<meta name=\"twitter:data1\" content=\"1 minute\" \/>\n<script type=\"application\/ld+json\" class=\"yoast-schema-graph\">{\"@context\":\"https:\\\/\\\/schema.org\",\"@graph\":[{\"@type\":\"WebPage\",\"@id\":\"https:\\\/\\\/www.simexitaly.it\\\/fr\\\/moules-de-soufflage\\\/\",\"url\":\"https:\\\/\\\/www.simexitaly.it\\\/fr\\\/moules-de-soufflage\\\/\",\"name\":\"Moules de soufflage - Simex | PET MOULDS TECHNOLOGY\",\"isPartOf\":{\"@id\":\"https:\\\/\\\/www.simexitaly.it\\\/#website\"},\"primaryImageOfPage\":{\"@id\":\"https:\\\/\\\/www.simexitaly.it\\\/fr\\\/moules-de-soufflage\\\/#primaryimage\"},\"image\":{\"@id\":\"https:\\\/\\\/www.simexitaly.it\\\/fr\\\/moules-de-soufflage\\\/#primaryimage\"},\"thumbnailUrl\":\"https:\\\/\\\/www.simexitaly.it\\\/wp-content\\\/uploads\\\/2024\\\/10\\\/stampi-di-soffiaggio.jpg\",\"datePublished\":\"2024-08-05T14:58:36+00:00\",\"dateModified\":\"2024-10-08T22:12:07+00:00\",\"description\":\"Moules de soufflage pour machines PET \u00e0 simple et double \u00e9tage et\\\/ou pour machines d\u2019extrusion et de soufflage, avec possibilit\u00e9 de cr\u00e9er...\",\"breadcrumb\":{\"@id\":\"https:\\\/\\\/www.simexitaly.it\\\/fr\\\/moules-de-soufflage\\\/#breadcrumb\"},\"inLanguage\":\"fr-FR\",\"potentialAction\":[{\"@type\":\"ReadAction\",\"target\":[\"https:\\\/\\\/www.simexitaly.it\\\/fr\\\/moules-de-soufflage\\\/\"]}]},{\"@type\":\"ImageObject\",\"inLanguage\":\"fr-FR\",\"@id\":\"https:\\\/\\\/www.simexitaly.it\\\/fr\\\/moules-de-soufflage\\\/#primaryimage\",\"url\":\"https:\\\/\\\/www.simexitaly.it\\\/wp-content\\\/uploads\\\/2024\\\/10\\\/stampi-di-soffiaggio.jpg\",\"contentUrl\":\"https:\\\/\\\/www.simexitaly.it\\\/wp-content\\\/uploads\\\/2024\\\/10\\\/stampi-di-soffiaggio.jpg\",\"width\":600,\"height\":314},{\"@type\":\"BreadcrumbList\",\"@id\":\"https:\\\/\\\/www.simexitaly.it\\\/fr\\\/moules-de-soufflage\\\/#breadcrumb\",\"itemListElement\":[{\"@type\":\"ListItem\",\"position\":1,\"name\":\"Home\",\"item\":\"https:\\\/\\\/www.simexitaly.it\\\/fr\\\/home\\\/\"},{\"@type\":\"ListItem\",\"position\":2,\"name\":\"Moules de soufflage\"}]},{\"@type\":\"WebSite\",\"@id\":\"https:\\\/\\\/www.simexitaly.it\\\/#website\",\"url\":\"https:\\\/\\\/www.simexitaly.it\\\/\",\"name\":\"Simex | PET MOULDS TECHNOLOGY\",\"description\":\"\",\"publisher\":{\"@id\":\"https:\\\/\\\/www.simexitaly.it\\\/#organization\"},\"potentialAction\":[{\"@type\":\"SearchAction\",\"target\":{\"@type\":\"EntryPoint\",\"urlTemplate\":\"https:\\\/\\\/www.simexitaly.it\\\/?s={search_term_string}\"},\"query-input\":{\"@type\":\"PropertyValueSpecification\",\"valueRequired\":true,\"valueName\":\"search_term_string\"}}],\"inLanguage\":\"fr-FR\"},{\"@type\":\"Organization\",\"@id\":\"https:\\\/\\\/www.simexitaly.it\\\/#organization\",\"name\":\"Simex | PET MOULDS TECHNOLOGY\",\"url\":\"https:\\\/\\\/www.simexitaly.it\\\/\",\"logo\":{\"@type\":\"ImageObject\",\"inLanguage\":\"fr-FR\",\"@id\":\"https:\\\/\\\/www.simexitaly.it\\\/#\\\/schema\\\/logo\\\/image\\\/\",\"url\":\"https:\\\/\\\/www.simexitaly.it\\\/wp-content\\\/uploads\\\/2023\\\/11\\\/logo-simex-stickly.png\",\"contentUrl\":\"https:\\\/\\\/www.simexitaly.it\\\/wp-content\\\/uploads\\\/2023\\\/11\\\/logo-simex-stickly.png\",\"width\":291,\"height\":116,\"caption\":\"Simex | PET MOULDS TECHNOLOGY\"},\"image\":{\"@id\":\"https:\\\/\\\/www.simexitaly.it\\\/#\\\/schema\\\/logo\\\/image\\\/\"}}]}<\/script>\n<!-- \/ Yoast SEO plugin. -->","yoast_head_json":{"title":"Moules de soufflage - Simex | PET MOULDS TECHNOLOGY","description":"Moules de soufflage pour machines PET \u00e0 simple et double \u00e9tage et\/ou pour machines d\u2019extrusion et de soufflage, avec possibilit\u00e9 de cr\u00e9er...","robots":{"index":"index","follow":"follow","max-snippet":"max-snippet:-1","max-image-preview":"max-image-preview:large","max-video-preview":"max-video-preview:-1"},"canonical":"https:\/\/www.simexitaly.it\/fr\/moules-de-soufflage\/","og_locale":"fr_FR","og_type":"article","og_title":"Moules de soufflage - Simex | PET MOULDS TECHNOLOGY","og_description":"Moules de soufflage pour machines PET \u00e0 simple et double \u00e9tage et\/ou pour machines d\u2019extrusion et de soufflage, avec possibilit\u00e9 de cr\u00e9er...","og_url":"https:\/\/www.simexitaly.it\/fr\/moules-de-soufflage\/","og_site_name":"Simex | PET MOULDS TECHNOLOGY","article_modified_time":"2024-10-08T22:12:07+00:00","og_image":[{"width":600,"height":314,"url":"https:\/\/www.simexitaly.it\/wp-content\/uploads\/2024\/10\/stampi-di-soffiaggio.jpg","type":"image\/jpeg"}],"twitter_card":"summary_large_image","twitter_misc":{"Dur\u00e9e de lecture estim\u00e9e":"1 minute"},"schema":{"@context":"https:\/\/schema.org","@graph":[{"@type":"WebPage","@id":"https:\/\/www.simexitaly.it\/fr\/moules-de-soufflage\/","url":"https:\/\/www.simexitaly.it\/fr\/moules-de-soufflage\/","name":"Moules de soufflage - Simex | PET MOULDS TECHNOLOGY","isPartOf":{"@id":"https:\/\/www.simexitaly.it\/#website"},"primaryImageOfPage":{"@id":"https:\/\/www.simexitaly.it\/fr\/moules-de-soufflage\/#primaryimage"},"image":{"@id":"https:\/\/www.simexitaly.it\/fr\/moules-de-soufflage\/#primaryimage"},"thumbnailUrl":"https:\/\/www.simexitaly.it\/wp-content\/uploads\/2024\/10\/stampi-di-soffiaggio.jpg","datePublished":"2024-08-05T14:58:36+00:00","dateModified":"2024-10-08T22:12:07+00:00","description":"Moules de soufflage pour machines PET \u00e0 simple et double \u00e9tage et\/ou pour machines d\u2019extrusion et de soufflage, avec possibilit\u00e9 de cr\u00e9er...","breadcrumb":{"@id":"https:\/\/www.simexitaly.it\/fr\/moules-de-soufflage\/#breadcrumb"},"inLanguage":"fr-FR","potentialAction":[{"@type":"ReadAction","target":["https:\/\/www.simexitaly.it\/fr\/moules-de-soufflage\/"]}]},{"@type":"ImageObject","inLanguage":"fr-FR","@id":"https:\/\/www.simexitaly.it\/fr\/moules-de-soufflage\/#primaryimage","url":"https:\/\/www.simexitaly.it\/wp-content\/uploads\/2024\/10\/stampi-di-soffiaggio.jpg","contentUrl":"https:\/\/www.simexitaly.it\/wp-content\/uploads\/2024\/10\/stampi-di-soffiaggio.jpg","width":600,"height":314},{"@type":"BreadcrumbList","@id":"https:\/\/www.simexitaly.it\/fr\/moules-de-soufflage\/#breadcrumb","itemListElement":[{"@type":"ListItem","position":1,"name":"Home","item":"https:\/\/www.simexitaly.it\/fr\/home\/"},{"@type":"ListItem","position":2,"name":"Moules de soufflage"}]},{"@type":"WebSite","@id":"https:\/\/www.simexitaly.it\/#website","url":"https:\/\/www.simexitaly.it\/","name":"Simex | PET MOULDS TECHNOLOGY","description":"","publisher":{"@id":"https:\/\/www.simexitaly.it\/#organization"},"potentialAction":[{"@type":"SearchAction","target":{"@type":"EntryPoint","urlTemplate":"https:\/\/www.simexitaly.it\/?s={search_term_string}"},"query-input":{"@type":"PropertyValueSpecification","valueRequired":true,"valueName":"search_term_string"}}],"inLanguage":"fr-FR"},{"@type":"Organization","@id":"https:\/\/www.simexitaly.it\/#organization","name":"Simex | PET MOULDS TECHNOLOGY","url":"https:\/\/www.simexitaly.it\/","logo":{"@type":"ImageObject","inLanguage":"fr-FR","@id":"https:\/\/www.simexitaly.it\/#\/schema\/logo\/image\/","url":"https:\/\/www.simexitaly.it\/wp-content\/uploads\/2023\/11\/logo-simex-stickly.png","contentUrl":"https:\/\/www.simexitaly.it\/wp-content\/uploads\/2023\/11\/logo-simex-stickly.png","width":291,"height":116,"caption":"Simex | PET MOULDS TECHNOLOGY"},"image":{"@id":"https:\/\/www.simexitaly.it\/#\/schema\/logo\/image\/"}}]}},"_links":{"self":[{"href":"https:\/\/www.simexitaly.it\/fr\/wp-json\/wp\/v2\/pages\/11790","targetHints":{"allow":["GET"]}}],"collection":[{"href":"https:\/\/www.simexitaly.it\/fr\/wp-json\/wp\/v2\/pages"}],"about":[{"href":"https:\/\/www.simexitaly.it\/fr\/wp-json\/wp\/v2\/types\/page"}],"author":[{"embeddable":true,"href":"https:\/\/www.simexitaly.it\/fr\/wp-json\/wp\/v2\/users\/1"}],"replies":[{"embeddable":true,"href":"https:\/\/www.simexitaly.it\/fr\/wp-json\/wp\/v2\/comments?post=11790"}],"version-history":[{"count":4,"href":"https:\/\/www.simexitaly.it\/fr\/wp-json\/wp\/v2\/pages\/11790\/revisions"}],"predecessor-version":[{"id":11999,"href":"https:\/\/www.simexitaly.it\/fr\/wp-json\/wp\/v2\/pages\/11790\/revisions\/11999"}],"wp:featuredmedia":[{"embeddable":true,"href":"https:\/\/www.simexitaly.it\/fr\/wp-json\/wp\/v2\/media\/12033"}],"wp:attachment":[{"href":"https:\/\/www.simexitaly.it\/fr\/wp-json\/wp\/v2\/media?parent=11790"}],"curies":[{"name":"wp","href":"https:\/\/api.w.org\/{rel}","templated":true}]}}