{"id":11788,"date":"2024-08-05T17:44:53","date_gmt":"2024-08-05T15:44:53","guid":{"rendered":"https:\/\/www.simexitaly.it\/bouchons-conteneurs-et-produits-en-plastique\/"},"modified":"2024-10-09T00:12:28","modified_gmt":"2024-10-08T22:12:28","slug":"bouchons-conteneurs-et-produits-en-plastique","status":"publish","type":"page","link":"https:\/\/www.simexitaly.it\/fr\/bouchons-conteneurs-et-produits-en-plastique\/","title":{"rendered":"Bouchons, conteneurs et produits en plastique"},"content":{"rendered":"\t\t<div data-elementor-type=\"wp-page\" data-elementor-id=\"11788\" class=\"elementor elementor-11788 elementor-10863\" data-elementor-post-type=\"page\">\n\t\t\t\t<div class=\"elementor-element elementor-element-f10795b e-con-full e-flex e-con e-parent\" data-id=\"f10795b\" data-element_type=\"container\" data-e-type=\"container\">\n\t\t\t\t<div class=\"elementor-element elementor-element-64e5c76 elementor--h-position-center elementor--v-position-middle elementor-arrows-position-inside elementor-pagination-position-inside elementor-widget elementor-widget-slides\" data-id=\"64e5c76\" data-element_type=\"widget\" data-e-type=\"widget\" data-settings=\"{&quot;autoplay_speed&quot;:4000,&quot;transition_speed&quot;:1000,&quot;navigation&quot;:&quot;both&quot;,&quot;autoplay&quot;:&quot;yes&quot;,&quot;infinite&quot;:&quot;yes&quot;,&quot;transition&quot;:&quot;slide&quot;}\" data-widget_type=\"slides.default\">\n\t\t\t\t<div class=\"elementor-widget-container\">\n\t\t\t\t\t\t\t\t\t<div class=\"elementor-swiper\">\n\t\t\t\t\t<div class=\"elementor-slides-wrapper elementor-main-swiper swiper\" role=\"region\" aria-roledescription=\"carousel\" aria-label=\"Diapositives\" dir=\"ltr\" data-animation=\"zoomIn\">\n\t\t\t\t<div class=\"swiper-wrapper elementor-slides\">\n\t\t\t\t\t\t\t\t\t\t<div class=\"elementor-repeater-item-69e45da swiper-slide\" role=\"group\" aria-roledescription=\"slide\"><div class=\"swiper-slide-bg\" role=\"img\" aria-label=\"stampi-contenitori-e-prodotti-in-plastica\"><\/div><div class=\"elementor-background-overlay\"><\/div><div class=\"swiper-slide-inner\" ><div class=\"swiper-slide-contents\"><\/div><\/div><\/div>\t\t\t\t<\/div>\n\t\t\t\t\t\t\t<\/div>\n\t\t\t\t<\/div>\n\t\t\t\t\t\t\t\t<\/div>\n\t\t\t\t<\/div>\n\t\t\t\t<\/div>\n\t\t<div class=\"elementor-element elementor-element-652dbc7 e-flex e-con-boxed e-con e-parent\" data-id=\"652dbc7\" data-element_type=\"container\" data-e-type=\"container\" data-settings=\"{&quot;background_background&quot;:&quot;classic&quot;}\">\n\t\t\t\t\t<div class=\"e-con-inner\">\n\t\t\t\t<div class=\"elementor-element elementor-element-1be362a elementor-widget elementor-widget-heading\" data-id=\"1be362a\" data-element_type=\"widget\" data-e-type=\"widget\" data-widget_type=\"heading.default\">\n\t\t\t\t<div class=\"elementor-widget-container\">\n\t\t\t\t\t<h2 class=\"elementor-heading-title elementor-size-default\">BOUCHONS, CONTENEURS ET PRODUITS EN PLASTIQUE<\/h2>\t\t\t\t<\/div>\n\t\t\t\t<\/div>\n\t\t\t\t\t<\/div>\n\t\t\t\t<\/div>\n\t\t<div class=\"elementor-element elementor-element-be39322 e-flex e-con-boxed e-con e-parent\" data-id=\"be39322\" data-element_type=\"container\" data-e-type=\"container\" data-settings=\"{&quot;background_background&quot;:&quot;classic&quot;}\">\n\t\t\t\t\t<div class=\"e-con-inner\">\n\t\t<div class=\"elementor-element elementor-element-0d4f67e e-con-full e-flex e-con e-child\" data-id=\"0d4f67e\" data-element_type=\"container\" data-e-type=\"container\">\n\t\t\t\t<div class=\"elementor-element elementor-element-e1607ad elementor-widget elementor-widget-text-editor\" data-id=\"e1607ad\" data-element_type=\"widget\" data-e-type=\"widget\" data-widget_type=\"text-editor.default\">\n\t\t\t\t<div class=\"elementor-widget-container\">\n\t\t\t\t\t\t\t\t\t<p>Une connaissance approfondie du secteur permet de r\u00e9aliser des s<strong>yst\u00e8mes complets<\/strong> pour la gestion des pr\u00e9formes, bouchons et produits et r\u00e9cipients en plastique ad hoc, aussi bien pour le monde des <strong>boissons<\/strong> que pour les <strong>cosm\u00e9tiques<\/strong> et les <strong>d\u00e9tergents<\/strong>.<\/p>\n\t\t\t\t\t\t\t\t<\/div>\n\t\t\t\t<\/div>\n\t\t\t\t<\/div>\n\t\t\t\t\t<\/div>\n\t\t\t\t<\/div>\n\t\t<div class=\"elementor-element elementor-element-7d0fc0b e-flex e-con-boxed e-con e-parent\" data-id=\"7d0fc0b\" data-element_type=\"container\" data-e-type=\"container\" data-settings=\"{&quot;background_background&quot;:&quot;classic&quot;}\">\n\t\t\t\t\t<div class=\"e-con-inner\">\n\t\t<div class=\"elementor-element elementor-element-68f5114 e-con-full e-flex e-con e-child\" data-id=\"68f5114\" data-element_type=\"container\" data-e-type=\"container\">\n\t\t\t\t<div class=\"elementor-element elementor-element-44cf9d4 elementor-widget elementor-widget-image\" data-id=\"44cf9d4\" data-element_type=\"widget\" data-e-type=\"widget\" data-widget_type=\"image.default\">\n\t\t\t\t<div class=\"elementor-widget-container\">\n\t\t\t\t\t\t\t\t\t\t\t\t\t\t\t<img loading=\"lazy\" decoding=\"async\" width=\"1000\" height=\"1015\" src=\"https:\/\/www.simexitaly.it\/wp-content\/uploads\/2024\/08\/immagine-per-pagina-1.jpg\" class=\"attachment-large size-large wp-image-11439\" alt=\"\" srcset=\"https:\/\/www.simexitaly.it\/wp-content\/uploads\/2024\/08\/immagine-per-pagina-1.jpg 1000w, https:\/\/www.simexitaly.it\/wp-content\/uploads\/2024\/08\/immagine-per-pagina-1-296x300.jpg 296w, https:\/\/www.simexitaly.it\/wp-content\/uploads\/2024\/08\/immagine-per-pagina-1-768x780.jpg 768w\" sizes=\"auto, (max-width: 1000px) 100vw, 1000px\" \/>\t\t\t\t\t\t\t\t\t\t\t\t\t\t\t<\/div>\n\t\t\t\t<\/div>\n\t\t\t\t<\/div>\n\t\t<div class=\"elementor-element elementor-element-bd107bb e-con-full e-flex e-con e-child\" data-id=\"bd107bb\" data-element_type=\"container\" data-e-type=\"container\">\n\t\t\t\t<div class=\"elementor-element elementor-element-5a9cdc8 elementor-widget elementor-widget-image\" data-id=\"5a9cdc8\" data-element_type=\"widget\" data-e-type=\"widget\" data-widget_type=\"image.default\">\n\t\t\t\t<div class=\"elementor-widget-container\">\n\t\t\t\t\t\t\t\t\t\t\t\t\t\t\t<img loading=\"lazy\" decoding=\"async\" width=\"1000\" height=\"1015\" src=\"https:\/\/www.simexitaly.it\/wp-content\/uploads\/2024\/08\/immagine-per-pagina-2.jpg\" class=\"attachment-large size-large wp-image-11430\" alt=\"\" srcset=\"https:\/\/www.simexitaly.it\/wp-content\/uploads\/2024\/08\/immagine-per-pagina-2.jpg 1000w, https:\/\/www.simexitaly.it\/wp-content\/uploads\/2024\/08\/immagine-per-pagina-2-296x300.jpg 296w, https:\/\/www.simexitaly.it\/wp-content\/uploads\/2024\/08\/immagine-per-pagina-2-768x780.jpg 768w\" sizes=\"auto, (max-width: 1000px) 100vw, 1000px\" \/>\t\t\t\t\t\t\t\t\t\t\t\t\t\t\t<\/div>\n\t\t\t\t<\/div>\n\t\t\t\t<\/div>\n\t\t\t\t\t<\/div>\n\t\t\t\t<\/div>\n\t\t<div class=\"elementor-element elementor-element-73d37a2 e-flex e-con-boxed e-con e-parent\" data-id=\"73d37a2\" data-element_type=\"container\" data-e-type=\"container\" data-settings=\"{&quot;background_background&quot;:&quot;classic&quot;}\">\n\t\t\t\t\t<div class=\"e-con-inner\">\n\t\t<div class=\"elementor-element elementor-element-213b73f e-con-full e-flex e-con e-child\" data-id=\"213b73f\" data-element_type=\"container\" data-e-type=\"container\">\n\t\t\t\t<div class=\"elementor-element elementor-element-d564c48 elementor-widget elementor-widget-image\" data-id=\"d564c48\" data-element_type=\"widget\" data-e-type=\"widget\" data-widget_type=\"image.default\">\n\t\t\t\t<div class=\"elementor-widget-container\">\n\t\t\t\t\t\t\t\t\t\t\t\t\t\t\t<img loading=\"lazy\" decoding=\"async\" width=\"1000\" height=\"1015\" src=\"https:\/\/www.simexitaly.it\/wp-content\/uploads\/2024\/08\/immagine-per-pagina-3.jpg\" class=\"attachment-large size-large wp-image-11436\" alt=\"\" srcset=\"https:\/\/www.simexitaly.it\/wp-content\/uploads\/2024\/08\/immagine-per-pagina-3.jpg 1000w, https:\/\/www.simexitaly.it\/wp-content\/uploads\/2024\/08\/immagine-per-pagina-3-296x300.jpg 296w, https:\/\/www.simexitaly.it\/wp-content\/uploads\/2024\/08\/immagine-per-pagina-3-768x780.jpg 768w\" sizes=\"auto, (max-width: 1000px) 100vw, 1000px\" \/>\t\t\t\t\t\t\t\t\t\t\t\t\t\t\t<\/div>\n\t\t\t\t<\/div>\n\t\t\t\t<\/div>\n\t\t<div class=\"elementor-element elementor-element-aaf6be9 e-con-full e-flex e-con e-child\" data-id=\"aaf6be9\" data-element_type=\"container\" data-e-type=\"container\">\n\t\t\t\t<div class=\"elementor-element elementor-element-e98869d elementor-widget elementor-widget-image\" data-id=\"e98869d\" data-element_type=\"widget\" data-e-type=\"widget\" data-widget_type=\"image.default\">\n\t\t\t\t<div class=\"elementor-widget-container\">\n\t\t\t\t\t\t\t\t\t\t\t\t\t\t\t<img loading=\"lazy\" decoding=\"async\" width=\"1000\" height=\"1015\" src=\"https:\/\/www.simexitaly.it\/wp-content\/uploads\/2024\/08\/immagine-per-pagina-4.jpg\" class=\"attachment-large size-large wp-image-11433\" alt=\"\" srcset=\"https:\/\/www.simexitaly.it\/wp-content\/uploads\/2024\/08\/immagine-per-pagina-4.jpg 1000w, https:\/\/www.simexitaly.it\/wp-content\/uploads\/2024\/08\/immagine-per-pagina-4-296x300.jpg 296w, https:\/\/www.simexitaly.it\/wp-content\/uploads\/2024\/08\/immagine-per-pagina-4-768x780.jpg 768w\" sizes=\"auto, (max-width: 1000px) 100vw, 1000px\" \/>\t\t\t\t\t\t\t\t\t\t\t\t\t\t\t<\/div>\n\t\t\t\t<\/div>\n\t\t\t\t<\/div>\n\t\t\t\t\t<\/div>\n\t\t\t\t<\/div>\n\t\t<div class=\"elementor-element elementor-element-e598b85 e-con-full elementor-hidden-mobile e-flex e-con e-parent\" data-id=\"e598b85\" data-element_type=\"container\" data-e-type=\"container\" data-settings=\"{&quot;background_background&quot;:&quot;classic&quot;}\">\n\t\t\t\t<\/div>\n\t\t<div class=\"elementor-element elementor-element-9f53735 elementor-hidden-mobile e-flex e-con-boxed e-con e-parent\" data-id=\"9f53735\" data-element_type=\"container\" data-e-type=\"container\" data-settings=\"{&quot;background_background&quot;:&quot;classic&quot;}\">\n\t\t\t\t\t<div class=\"e-con-inner\">\n\t\t<div class=\"elementor-element elementor-element-94b63d8 e-con-full e-flex e-con e-child\" data-id=\"94b63d8\" data-element_type=\"container\" data-e-type=\"container\">\n\t\t\t\t<div class=\"elementor-element elementor-element-1f7c31a elementor-widget-mobile__width-initial elementor-widget elementor-widget-image\" data-id=\"1f7c31a\" data-element_type=\"widget\" data-e-type=\"widget\" data-widget_type=\"image.default\">\n\t\t\t\t<div class=\"elementor-widget-container\">\n\t\t\t\t\t\t\t\t\t\t\t\t\t\t\t\t<a href=\"https:\/\/www.simexitaly.it\/fr\/moules-dinjection\/\">\n\t\t\t\t\t\t\t<img decoding=\"async\" src=\"https:\/\/www.simexitaly.it\/wp-content\/uploads\/elementor\/thumbs\/frecce-orizzontali-02-qrvceyvkv69oovbu78aokj74d140v1g7e4v22tlx4w.png\" title=\"frecce orizzontali-02\" alt=\"frecce orizzontali-02\" loading=\"lazy\" \/>\t\t\t\t\t\t\t\t<\/a>\n\t\t\t\t\t\t\t\t\t\t\t\t\t\t\t<\/div>\n\t\t\t\t<\/div>\n\t\t\t\t<div class=\"elementor-element elementor-element-1019aa9 elementor-widget__width-initial elementor-widget elementor-widget-heading\" data-id=\"1019aa9\" data-element_type=\"widget\" data-e-type=\"widget\" data-widget_type=\"heading.default\">\n\t\t\t\t<div class=\"elementor-widget-container\">\n\t\t\t\t\t<h2 class=\"elementor-heading-title elementor-size-default\"><a href=\"https:\/\/www.simexitaly.it\/fr\/moules-de-soufflage\/\">MOULES <br>DE SOUFFLAGE<\/a><\/h2>\t\t\t\t<\/div>\n\t\t\t\t<\/div>\n\t\t\t\t<\/div>\n\t\t<div class=\"elementor-element elementor-element-89ec59f e-con-full e-flex e-con e-child\" data-id=\"89ec59f\" data-element_type=\"container\" data-e-type=\"container\">\n\t\t\t\t<div class=\"elementor-element elementor-element-7106250 elementor-widget__width-initial elementor-widget-laptop__width-initial elementor-widget-tablet_extra__width-initial elementor-widget-tablet__width-initial elementor-widget-mobile_extra__width-initial elementor-widget-mobile__width-initial elementor-widget elementor-widget-heading\" data-id=\"7106250\" data-element_type=\"widget\" data-e-type=\"widget\" data-widget_type=\"heading.default\">\n\t\t\t\t<div class=\"elementor-widget-container\">\n\t\t\t\t\t<h2 class=\"elementor-heading-title elementor-size-default\"><a href=\"https:\/\/www.simexitaly.it\/fr\/maintenance-conversions-et-assistance-apres-vente\/\">MAINTENANCE, CONVERSIONS <br>ET ASSISTANCE APR\u00c8S-VENTE<\/a><\/h2>\t\t\t\t<\/div>\n\t\t\t\t<\/div>\n\t\t\t\t<div class=\"elementor-element elementor-element-f874ca8 elementor-widget-mobile__width-initial elementor-widget elementor-widget-image\" data-id=\"f874ca8\" data-element_type=\"widget\" data-e-type=\"widget\" data-widget_type=\"image.default\">\n\t\t\t\t<div class=\"elementor-widget-container\">\n\t\t\t\t\t\t\t\t\t\t\t\t\t\t\t\t<a href=\"https:\/\/www.simexitaly.it\/fr\/maintenance-conversions-et-assistance-apres-vente\/\">\n\t\t\t\t\t\t\t<img decoding=\"async\" src=\"https:\/\/www.simexitaly.it\/wp-content\/uploads\/elementor\/thumbs\/frecce-orizzontali-dx-qrvh9a2494vxpm4scks0yjoe5dygadg8ow4ly35n9c.png\" title=\"frecce orizzontali-dx\" alt=\"frecce orizzontali-dx\" loading=\"lazy\" \/>\t\t\t\t\t\t\t\t<\/a>\n\t\t\t\t\t\t\t\t\t\t\t\t\t\t\t<\/div>\n\t\t\t\t<\/div>\n\t\t\t\t<\/div>\n\t\t\t\t\t<\/div>\n\t\t\t\t<\/div>\n\t\t<div class=\"elementor-element elementor-element-4df1fbd e-con-full elementor-hidden-mobile e-flex e-con e-parent\" data-id=\"4df1fbd\" data-element_type=\"container\" data-e-type=\"container\" data-settings=\"{&quot;background_background&quot;:&quot;classic&quot;}\">\n\t\t\t\t<\/div>\n\t\t\t\t<\/div>\n\t\t","protected":false},"excerpt":{"rendered":"<p>BOUCHONS, CONTENEURS ET PRODUITS EN PLASTIQUE Une connaissance approfondie du secteur permet de r\u00e9aliser des syst\u00e8mes complets pour la gestion des pr\u00e9formes, bouchons et produits et r\u00e9cipients en plastique ad hoc, aussi bien pour le monde des boissons que pour les cosm\u00e9tiques et les d\u00e9tergents. MOULES DE SOUFFLAGE MAINTENANCE, CONVERSIONS ET ASSISTANCE APR\u00c8S-VENTE<\/p>\n","protected":false},"author":1,"featured_media":12030,"parent":0,"menu_order":0,"comment_status":"closed","ping_status":"closed","template":"page-full-width.php","meta":{"footnotes":""},"class_list":["post-11788","page","type-page","status-publish","has-post-thumbnail","hentry"],"yoast_head":"<!-- This site is optimized with the Yoast SEO plugin v27.5 - https:\/\/yoast.com\/product\/yoast-seo-wordpress\/ -->\n<title>Bouchons, conteneurs et produits en plastique - Simex | PET MOULDS TECHNOLOGY<\/title>\n<meta name=\"description\" content=\"Bouchons et conteneurs en plastic, une connaissance approfondie du secteur permet de r\u00e9aliser des syst\u00e8mes complets pour la gestion des pr\u00e9formes.\" \/>\n<meta name=\"robots\" content=\"index, follow, max-snippet:-1, max-image-preview:large, max-video-preview:-1\" \/>\n<link rel=\"canonical\" href=\"https:\/\/www.simexitaly.it\/fr\/bouchons-conteneurs-et-produits-en-plastique\/\" \/>\n<meta property=\"og:locale\" content=\"fr_FR\" \/>\n<meta property=\"og:type\" content=\"article\" \/>\n<meta property=\"og:title\" content=\"Bouchons, conteneurs et produits en plastique - Simex | PET MOULDS TECHNOLOGY\" \/>\n<meta property=\"og:description\" content=\"Bouchons et conteneurs en plastic, une connaissance approfondie du secteur permet de r\u00e9aliser des syst\u00e8mes complets pour la gestion des pr\u00e9formes.\" \/>\n<meta property=\"og:url\" content=\"https:\/\/www.simexitaly.it\/fr\/bouchons-conteneurs-et-produits-en-plastique\/\" \/>\n<meta property=\"og:site_name\" content=\"Simex | PET MOULDS TECHNOLOGY\" \/>\n<meta property=\"article:modified_time\" content=\"2024-10-08T22:12:28+00:00\" \/>\n<meta property=\"og:image\" content=\"https:\/\/www.simexitaly.it\/wp-content\/uploads\/2024\/10\/stampi-contenitori-plastica.jpg\" \/>\n\t<meta property=\"og:image:width\" content=\"600\" \/>\n\t<meta property=\"og:image:height\" content=\"314\" \/>\n\t<meta property=\"og:image:type\" content=\"image\/jpeg\" \/>\n<meta name=\"twitter:card\" content=\"summary_large_image\" \/>\n<script type=\"application\/ld+json\" class=\"yoast-schema-graph\">{\"@context\":\"https:\\\/\\\/schema.org\",\"@graph\":[{\"@type\":\"WebPage\",\"@id\":\"https:\\\/\\\/www.simexitaly.it\\\/fr\\\/bouchons-conteneurs-et-produits-en-plastique\\\/\",\"url\":\"https:\\\/\\\/www.simexitaly.it\\\/fr\\\/bouchons-conteneurs-et-produits-en-plastique\\\/\",\"name\":\"Bouchons, conteneurs et produits en plastique - Simex | PET MOULDS TECHNOLOGY\",\"isPartOf\":{\"@id\":\"https:\\\/\\\/www.simexitaly.it\\\/#website\"},\"primaryImageOfPage\":{\"@id\":\"https:\\\/\\\/www.simexitaly.it\\\/fr\\\/bouchons-conteneurs-et-produits-en-plastique\\\/#primaryimage\"},\"image\":{\"@id\":\"https:\\\/\\\/www.simexitaly.it\\\/fr\\\/bouchons-conteneurs-et-produits-en-plastique\\\/#primaryimage\"},\"thumbnailUrl\":\"https:\\\/\\\/www.simexitaly.it\\\/wp-content\\\/uploads\\\/2024\\\/10\\\/stampi-contenitori-plastica.jpg\",\"datePublished\":\"2024-08-05T15:44:53+00:00\",\"dateModified\":\"2024-10-08T22:12:28+00:00\",\"description\":\"Bouchons et conteneurs en plastic, une connaissance approfondie du secteur permet de r\u00e9aliser des syst\u00e8mes complets pour la gestion des pr\u00e9formes.\",\"breadcrumb\":{\"@id\":\"https:\\\/\\\/www.simexitaly.it\\\/fr\\\/bouchons-conteneurs-et-produits-en-plastique\\\/#breadcrumb\"},\"inLanguage\":\"fr-FR\",\"potentialAction\":[{\"@type\":\"ReadAction\",\"target\":[\"https:\\\/\\\/www.simexitaly.it\\\/fr\\\/bouchons-conteneurs-et-produits-en-plastique\\\/\"]}]},{\"@type\":\"ImageObject\",\"inLanguage\":\"fr-FR\",\"@id\":\"https:\\\/\\\/www.simexitaly.it\\\/fr\\\/bouchons-conteneurs-et-produits-en-plastique\\\/#primaryimage\",\"url\":\"https:\\\/\\\/www.simexitaly.it\\\/wp-content\\\/uploads\\\/2024\\\/10\\\/stampi-contenitori-plastica.jpg\",\"contentUrl\":\"https:\\\/\\\/www.simexitaly.it\\\/wp-content\\\/uploads\\\/2024\\\/10\\\/stampi-contenitori-plastica.jpg\",\"width\":600,\"height\":314},{\"@type\":\"BreadcrumbList\",\"@id\":\"https:\\\/\\\/www.simexitaly.it\\\/fr\\\/bouchons-conteneurs-et-produits-en-plastique\\\/#breadcrumb\",\"itemListElement\":[{\"@type\":\"ListItem\",\"position\":1,\"name\":\"Home\",\"item\":\"https:\\\/\\\/www.simexitaly.it\\\/fr\\\/home\\\/\"},{\"@type\":\"ListItem\",\"position\":2,\"name\":\"Bouchons, conteneurs et produits en plastique\"}]},{\"@type\":\"WebSite\",\"@id\":\"https:\\\/\\\/www.simexitaly.it\\\/#website\",\"url\":\"https:\\\/\\\/www.simexitaly.it\\\/\",\"name\":\"Simex | PET MOULDS TECHNOLOGY\",\"description\":\"\",\"publisher\":{\"@id\":\"https:\\\/\\\/www.simexitaly.it\\\/#organization\"},\"potentialAction\":[{\"@type\":\"SearchAction\",\"target\":{\"@type\":\"EntryPoint\",\"urlTemplate\":\"https:\\\/\\\/www.simexitaly.it\\\/?s={search_term_string}\"},\"query-input\":{\"@type\":\"PropertyValueSpecification\",\"valueRequired\":true,\"valueName\":\"search_term_string\"}}],\"inLanguage\":\"fr-FR\"},{\"@type\":\"Organization\",\"@id\":\"https:\\\/\\\/www.simexitaly.it\\\/#organization\",\"name\":\"Simex | PET MOULDS TECHNOLOGY\",\"url\":\"https:\\\/\\\/www.simexitaly.it\\\/\",\"logo\":{\"@type\":\"ImageObject\",\"inLanguage\":\"fr-FR\",\"@id\":\"https:\\\/\\\/www.simexitaly.it\\\/#\\\/schema\\\/logo\\\/image\\\/\",\"url\":\"https:\\\/\\\/www.simexitaly.it\\\/wp-content\\\/uploads\\\/2023\\\/11\\\/logo-simex-stickly.png\",\"contentUrl\":\"https:\\\/\\\/www.simexitaly.it\\\/wp-content\\\/uploads\\\/2023\\\/11\\\/logo-simex-stickly.png\",\"width\":291,\"height\":116,\"caption\":\"Simex | PET MOULDS TECHNOLOGY\"},\"image\":{\"@id\":\"https:\\\/\\\/www.simexitaly.it\\\/#\\\/schema\\\/logo\\\/image\\\/\"}}]}<\/script>\n<!-- \/ Yoast SEO plugin. -->","yoast_head_json":{"title":"Bouchons, conteneurs et produits en plastique - Simex | PET MOULDS TECHNOLOGY","description":"Bouchons et conteneurs en plastic, une connaissance approfondie du secteur permet de r\u00e9aliser des syst\u00e8mes complets pour la gestion des pr\u00e9formes.","robots":{"index":"index","follow":"follow","max-snippet":"max-snippet:-1","max-image-preview":"max-image-preview:large","max-video-preview":"max-video-preview:-1"},"canonical":"https:\/\/www.simexitaly.it\/fr\/bouchons-conteneurs-et-produits-en-plastique\/","og_locale":"fr_FR","og_type":"article","og_title":"Bouchons, conteneurs et produits en plastique - Simex | PET MOULDS TECHNOLOGY","og_description":"Bouchons et conteneurs en plastic, une connaissance approfondie du secteur permet de r\u00e9aliser des syst\u00e8mes complets pour la gestion des pr\u00e9formes.","og_url":"https:\/\/www.simexitaly.it\/fr\/bouchons-conteneurs-et-produits-en-plastique\/","og_site_name":"Simex | PET MOULDS TECHNOLOGY","article_modified_time":"2024-10-08T22:12:28+00:00","og_image":[{"width":600,"height":314,"url":"https:\/\/www.simexitaly.it\/wp-content\/uploads\/2024\/10\/stampi-contenitori-plastica.jpg","type":"image\/jpeg"}],"twitter_card":"summary_large_image","schema":{"@context":"https:\/\/schema.org","@graph":[{"@type":"WebPage","@id":"https:\/\/www.simexitaly.it\/fr\/bouchons-conteneurs-et-produits-en-plastique\/","url":"https:\/\/www.simexitaly.it\/fr\/bouchons-conteneurs-et-produits-en-plastique\/","name":"Bouchons, conteneurs et produits en plastique - Simex | PET MOULDS TECHNOLOGY","isPartOf":{"@id":"https:\/\/www.simexitaly.it\/#website"},"primaryImageOfPage":{"@id":"https:\/\/www.simexitaly.it\/fr\/bouchons-conteneurs-et-produits-en-plastique\/#primaryimage"},"image":{"@id":"https:\/\/www.simexitaly.it\/fr\/bouchons-conteneurs-et-produits-en-plastique\/#primaryimage"},"thumbnailUrl":"https:\/\/www.simexitaly.it\/wp-content\/uploads\/2024\/10\/stampi-contenitori-plastica.jpg","datePublished":"2024-08-05T15:44:53+00:00","dateModified":"2024-10-08T22:12:28+00:00","description":"Bouchons et conteneurs en plastic, une connaissance approfondie du secteur permet de r\u00e9aliser des syst\u00e8mes complets pour la gestion des pr\u00e9formes.","breadcrumb":{"@id":"https:\/\/www.simexitaly.it\/fr\/bouchons-conteneurs-et-produits-en-plastique\/#breadcrumb"},"inLanguage":"fr-FR","potentialAction":[{"@type":"ReadAction","target":["https:\/\/www.simexitaly.it\/fr\/bouchons-conteneurs-et-produits-en-plastique\/"]}]},{"@type":"ImageObject","inLanguage":"fr-FR","@id":"https:\/\/www.simexitaly.it\/fr\/bouchons-conteneurs-et-produits-en-plastique\/#primaryimage","url":"https:\/\/www.simexitaly.it\/wp-content\/uploads\/2024\/10\/stampi-contenitori-plastica.jpg","contentUrl":"https:\/\/www.simexitaly.it\/wp-content\/uploads\/2024\/10\/stampi-contenitori-plastica.jpg","width":600,"height":314},{"@type":"BreadcrumbList","@id":"https:\/\/www.simexitaly.it\/fr\/bouchons-conteneurs-et-produits-en-plastique\/#breadcrumb","itemListElement":[{"@type":"ListItem","position":1,"name":"Home","item":"https:\/\/www.simexitaly.it\/fr\/home\/"},{"@type":"ListItem","position":2,"name":"Bouchons, conteneurs et produits en plastique"}]},{"@type":"WebSite","@id":"https:\/\/www.simexitaly.it\/#website","url":"https:\/\/www.simexitaly.it\/","name":"Simex | PET MOULDS TECHNOLOGY","description":"","publisher":{"@id":"https:\/\/www.simexitaly.it\/#organization"},"potentialAction":[{"@type":"SearchAction","target":{"@type":"EntryPoint","urlTemplate":"https:\/\/www.simexitaly.it\/?s={search_term_string}"},"query-input":{"@type":"PropertyValueSpecification","valueRequired":true,"valueName":"search_term_string"}}],"inLanguage":"fr-FR"},{"@type":"Organization","@id":"https:\/\/www.simexitaly.it\/#organization","name":"Simex | PET MOULDS TECHNOLOGY","url":"https:\/\/www.simexitaly.it\/","logo":{"@type":"ImageObject","inLanguage":"fr-FR","@id":"https:\/\/www.simexitaly.it\/#\/schema\/logo\/image\/","url":"https:\/\/www.simexitaly.it\/wp-content\/uploads\/2023\/11\/logo-simex-stickly.png","contentUrl":"https:\/\/www.simexitaly.it\/wp-content\/uploads\/2023\/11\/logo-simex-stickly.png","width":291,"height":116,"caption":"Simex | PET MOULDS TECHNOLOGY"},"image":{"@id":"https:\/\/www.simexitaly.it\/#\/schema\/logo\/image\/"}}]}},"_links":{"self":[{"href":"https:\/\/www.simexitaly.it\/fr\/wp-json\/wp\/v2\/pages\/11788","targetHints":{"allow":["GET"]}}],"collection":[{"href":"https:\/\/www.simexitaly.it\/fr\/wp-json\/wp\/v2\/pages"}],"about":[{"href":"https:\/\/www.simexitaly.it\/fr\/wp-json\/wp\/v2\/types\/page"}],"author":[{"embeddable":true,"href":"https:\/\/www.simexitaly.it\/fr\/wp-json\/wp\/v2\/users\/1"}],"replies":[{"embeddable":true,"href":"https:\/\/www.simexitaly.it\/fr\/wp-json\/wp\/v2\/comments?post=11788"}],"version-history":[{"count":2,"href":"https:\/\/www.simexitaly.it\/fr\/wp-json\/wp\/v2\/pages\/11788\/revisions"}],"predecessor-version":[{"id":12000,"href":"https:\/\/www.simexitaly.it\/fr\/wp-json\/wp\/v2\/pages\/11788\/revisions\/12000"}],"wp:featuredmedia":[{"embeddable":true,"href":"https:\/\/www.simexitaly.it\/fr\/wp-json\/wp\/v2\/media\/12030"}],"wp:attachment":[{"href":"https:\/\/www.simexitaly.it\/fr\/wp-json\/wp\/v2\/media?parent=11788"}],"curies":[{"name":"wp","href":"https:\/\/api.w.org\/{rel}","templated":true}]}}